{"id":296,"date":"2025-07-02T11:50:33","date_gmt":"2025-07-02T11:50:33","guid":{"rendered":"https:\/\/hnsecureit.com\/?page_id=296"},"modified":"2025-07-18T08:33:05","modified_gmt":"2025-07-18T08:33:05","slug":"it-biztonsag-hirek","status":"publish","type":"page","link":"https:\/\/hnsecureit.com\/en\/it-biztonsag-hirek\/","title":{"rendered":"RRS1"},"content":{"rendered":"<div data-elementor-type=\"wp-page\" data-elementor-id=\"296\" class=\"elementor elementor-296\">\n\t\t\t\t<div class=\"elementor-element elementor-element-462232ae e-flex e-con-boxed e-con e-child\" data-id=\"462232ae\" data-element_type=\"container\" data-e-type=\"container\" data-settings=\"{&quot;background_background&quot;:&quot;classic&quot;}\">\n\t\t\t\t\t<div class=\"e-con-inner\">\n\t\t<div class=\"elementor-element elementor-element-4fd4247f e-con-full e-flex e-con e-child\" data-id=\"4fd4247f\" data-element_type=\"container\" data-e-type=\"container\">\n\t\t<div class=\"elementor-element elementor-element-32a943e8 e-flex e-con-boxed e-con e-child\" data-id=\"32a943e8\" data-element_type=\"container\" data-e-type=\"container\">\n\t\t\t\t\t<div class=\"e-con-inner\">\n\t\t\t\t<div class=\"elementor-element elementor-element-367d5a17 elementor-widget-divider--view-line_text elementor-widget-divider--element-align-right elementor-invisible elementor-widget elementor-widget-divider\" data-id=\"367d5a17\" data-element_type=\"widget\" data-e-type=\"widget\" data-settings=\"{&quot;_animation&quot;:&quot;fadeInUp&quot;}\" data-widget_type=\"divider.default\">\n\t\t\t\t<div class=\"elementor-widget-container\">\n\t\t\t\t\t\t\t<div class=\"elementor-divider\">\n\t\t\t<span class=\"elementor-divider-separator\">\n\t\t\t\t\t\t\t<h2 class=\"elementor-divider__text elementor-divider__element\">\n\t\t\t\tRRS1\t\t\t\t<\/h2>\n\t\t\t\t\t\t<\/span>\n\t\t<\/div>\n\t\t\t\t\t\t<\/div>\n\t\t\t\t<\/div>\n\t\t\t\t<div class=\"elementor-element elementor-element-73b72d94 elementor-invisible elementor-widget elementor-widget-elementskit-heading\" data-id=\"73b72d94\" data-element_type=\"widget\" data-e-type=\"widget\" data-settings=\"{&quot;_animation&quot;:&quot;fadeInUp&quot;,&quot;_animation_delay&quot;:200}\" data-widget_type=\"elementskit-heading.default\">\n\t\t\t\t<div class=\"elementor-widget-container\">\n\t\t\t\t\t<div class=\"ekit-wid-con\" ><div class=\"ekit-heading elementskit-section-title-wraper text_center   ekit_heading_tablet-   ekit_heading_mobile-\"><h1 class=\"ekit-heading--title elementskit-section-title text_fill\">IT Biztons\u00e1g - <span><span>h\u00edrek<\/span><\/span><\/h1><\/div><\/div>\t\t\t\t<\/div>\n\t\t\t\t<\/div>\n\t\t\t\t\t<\/div>\n\t\t\t\t<\/div>\n\t\t\t\t<\/div>\n\t\t\t\t\t<\/div>\n\t\t\t\t<\/div>\n\t\t<div class=\"elementor-element elementor-element-3768653b e-flex e-con-boxed e-con e-parent\" data-id=\"3768653b\" data-element_type=\"container\" data-e-type=\"container\">\n\t\t\t\t\t<div class=\"e-con-inner\">\n\t\t<div class=\"elementor-element elementor-element-6d85278a e-con-full e-flex e-con e-child\" data-id=\"6d85278a\" data-element_type=\"container\" data-e-type=\"container\">\n\t\t\t\t<div class=\"elementor-element elementor-element-99b9b10 elementor-widget elementor-widget-shortcode\" data-id=\"99b9b10\" data-element_type=\"widget\" data-e-type=\"widget\" data-widget_type=\"shortcode.default\">\n\t\t\t\t<div class=\"elementor-widget-container\">\n\t\t\t\t\t\t\t<div class=\"elementor-shortcode\"><div class=\"wp-rss-template-container\" data-wpra-template=\"default\" data-template-ctx=\"eyJzb3VyY2VzIjoiMTM3In0=\">\n    <div class=\"wp-rss-aggregator wpra-list-template\" data-page=\"1\">\n    \n    \n<ul class=\"wpra-item-list rss-aggregator wpra-item-list--bullets wpra-item-list--default\"\n    start=\"1\">\n                        <li class=\"wpra-item feed-item\">\n            \n            \n\n    <a  href=\"https:\/\/nki.gov.hu\/it-biztonsag\/hirek\/a-cisa-uj-strategiaval-erositene-a-kritikus-infrastrukturak-ellenallokepesseget-a-kibertamadasokkal-szemben\/\" target=\"_blank\" rel=\"nofollow\" class=\"\">A CISA \u00faj strat\u00e9gi\u00e1val er\u0151s\u00edten\u00e9 a kritikus infrastrukt\u00far\u00e1k ellen\u00e1ll\u00f3k\u00e9pess\u00e9g\u00e9t a kibert\u00e1mad\u00e1sokkal szemben<\/a>\n\n\n\n\n\n\n<div class=\"wprss-feed-meta\">\n            <span class=\"feed-source\">\n            Source:\n\n                            IT Biztons\u00e1gi h\u00edrek \u2013 Nemzeti Kiberv\u00e9delmi Int\u00e9zet\n                    <\/span>\n    \n            <span class=\"feed-date\">\n            Published on 2026-05-08\n        <\/span>\n    \n    <\/div>\n\n\n\n\n\n            \n        <\/li>\n                    <li class=\"wpra-item feed-item\">\n            \n            \n\n    <a  href=\"https:\/\/nki.gov.hu\/it-biztonsag\/hirek\/nyilvanos-hitelesitessel-vedekezik-a-google-az-ellatasi-lanc-tamadasok-ellen\/\" target=\"_blank\" rel=\"nofollow\" class=\"\">Nyilv\u00e1nos hiteles\u00edt\u00e9ssel v\u00e9dekezik a Google az ell\u00e1t\u00e1si l\u00e1nc t\u00e1mad\u00e1sok ellen<\/a>\n\n\n\n\n\n\n<div class=\"wprss-feed-meta\">\n            <span class=\"feed-source\">\n            Source:\n\n                            IT Biztons\u00e1gi h\u00edrek \u2013 Nemzeti Kiberv\u00e9delmi Int\u00e9zet\n                    <\/span>\n    \n            <span class=\"feed-date\">\n            Published on 2026-05-08\n        <\/span>\n    \n    <\/div>\n\n\n\n\n\n            \n        <\/li>\n                    <li class=\"wpra-item feed-item\">\n            \n            \n\n    <a  href=\"https:\/\/nki.gov.hu\/it-biztonsag\/hirek\/kritikus-android-sebezhetoseget-javitott-a-google\/\" target=\"_blank\" rel=\"nofollow\" class=\"\">Kritikus Android-sebezhet\u0151s\u00e9get jav\u00edtott a Google<\/a>\n\n\n\n\n\n\n<div class=\"wprss-feed-meta\">\n            <span class=\"feed-source\">\n            Source:\n\n                            IT Biztons\u00e1gi h\u00edrek \u2013 Nemzeti Kiberv\u00e9delmi Int\u00e9zet\n                    <\/span>\n    \n            <span class=\"feed-date\">\n            Published on 2026-05-07\n        <\/span>\n    \n    <\/div>\n\n\n\n\n\n            \n        <\/li>\n                    <li class=\"wpra-item feed-item\">\n            \n            \n\n    <a  href=\"https:\/\/nki.gov.hu\/it-biztonsag\/hirek\/elteritheti-a-microsoft-phone-link-kel-osszekapcsolt-eszkozok-egyszerhasznalatos-kodjait-a-pheno-plugin-es-a-cloudz-rat\/\" target=\"_blank\" rel=\"nofollow\" class=\"\">Elt\u00e9r\u00edtheti a Microsoft Phone Link-kel \u00f6sszekapcsolt eszk\u00f6z\u00f6k egyszerhaszn\u00e1latos k\u00f3djait a Pheno plugin \u00e9s a CloudZ RAT<\/a>\n\n\n\n\n\n\n<div class=\"wprss-feed-meta\">\n            <span class=\"feed-source\">\n            Source:\n\n                            IT Biztons\u00e1gi h\u00edrek \u2013 Nemzeti Kiberv\u00e9delmi Int\u00e9zet\n                    <\/span>\n    \n            <span class=\"feed-date\">\n            Published on 2026-05-07\n        <\/span>\n    \n    <\/div>\n\n\n\n\n\n            \n        <\/li>\n                    <li class=\"wpra-item feed-item\">\n            \n            \n\n    <a  href=\"https:\/\/nki.gov.hu\/it-biztonsag\/hirek\/aktivan-kihasznaljak-a-palo-alto-zero-day-serulekenyseget\/\" target=\"_blank\" rel=\"nofollow\" class=\"\">Akt\u00edvan kihaszn\u00e1lj\u00e1k a Palo Alto zero-day s\u00e9r\u00fcl\u00e9kenys\u00e9g\u00e9t<\/a>\n\n\n\n\n\n\n<div class=\"wprss-feed-meta\">\n            <span class=\"feed-source\">\n            Source:\n\n                            IT Biztons\u00e1gi h\u00edrek \u2013 Nemzeti Kiberv\u00e9delmi Int\u00e9zet\n                    <\/span>\n    \n            <span class=\"feed-date\">\n            Published on 2026-05-07\n        <\/span>\n    \n    <\/div>\n\n\n\n\n\n            \n        <\/li>\n                    <li class=\"wpra-item feed-item\">\n            \n            \n\n    <a  href=\"https:\/\/nki.gov.hu\/it-biztonsag\/hirek\/a-tamadok-az-amazon-ses-t-kihasznalva-terjesztenek-adathalasz-e-maileket\/\" target=\"_blank\" rel=\"nofollow\" class=\"\">A t\u00e1mad\u00f3k az Amazon SES-t kihaszn\u00e1lva terjesztenek adathal\u00e1sz e-maileket<\/a>\n\n\n\n\n\n\n<div class=\"wprss-feed-meta\">\n            <span class=\"feed-source\">\n            Source:\n\n                            IT Biztons\u00e1gi h\u00edrek \u2013 Nemzeti Kiberv\u00e9delmi Int\u00e9zet\n                    <\/span>\n    \n            <span class=\"feed-date\">\n            Published on 2026-05-07\n        <\/span>\n    \n    <\/div>\n\n\n\n\n\n            \n        <\/li>\n                    <li class=\"wpra-item feed-item\">\n            \n            \n\n    <a  href=\"https:\/\/nki.gov.hu\/it-biztonsag\/hirek\/vegre-erkezik-a-titkositott-rcs-alapu-uzenetkuldesaz-iphone-es-anroid-eszkozok-kozott\/\" target=\"_blank\" rel=\"nofollow\" class=\"\">V\u00e9gre \u00e9rkezik a titkos\u00edtott RCS alap\u00fa \u00fczenetk\u00fcld\u00e9saz iPhone \u00e9s Anroid eszk\u00f6z\u00f6k k\u00f6z\u00f6tt<\/a>\n\n\n\n\n\n\n<div class=\"wprss-feed-meta\">\n            <span class=\"feed-source\">\n            Source:\n\n                            IT Biztons\u00e1gi h\u00edrek \u2013 Nemzeti Kiberv\u00e9delmi Int\u00e9zet\n                    <\/span>\n    \n            <span class=\"feed-date\">\n            Published on 2026-05-06\n        <\/span>\n    \n    <\/div>\n\n\n\n\n\n            \n        <\/li>\n                    <li class=\"wpra-item feed-item\">\n            \n            \n\n    <a  href=\"https:\/\/nki.gov.hu\/it-biztonsag\/hirek\/a-megteveszto-notepad-for-mac-weboldal-biztonsagi-kockazatot-jelenthet-a-macos-felhasznalok-szamara\/\" target=\"_blank\" rel=\"nofollow\" class=\"\">A megt\u00e9veszt\u0151 \u201eNotepad++ for Mac\u201d weboldal biztons\u00e1gi kock\u00e1zatot jelenthet a macOS felhaszn\u00e1l\u00f3k sz\u00e1m\u00e1ra<\/a>\n\n\n\n\n\n\n<div class=\"wprss-feed-meta\">\n            <span class=\"feed-source\">\n            Source:\n\n                            IT Biztons\u00e1gi h\u00edrek \u2013 Nemzeti Kiberv\u00e9delmi Int\u00e9zet\n                    <\/span>\n    \n            <span class=\"feed-date\">\n            Published on 2026-05-06\n        <\/span>\n    \n    <\/div>\n\n\n\n\n\n            \n        <\/li>\n                    <li class=\"wpra-item feed-item\">\n            \n            \n\n    <a  href=\"https:\/\/nki.gov.hu\/it-biztonsag\/hirek\/albajusszal-is-megkerulhetok-a-korhatar-ellenorzesek\/\" target=\"_blank\" rel=\"nofollow\" class=\"\">\u00c1lbajusszal is megker\u00fclhet\u0151k a korhat\u00e1r-ellen\u0151rz\u00e9sek<\/a>\n\n\n\n\n\n\n<div class=\"wprss-feed-meta\">\n            <span class=\"feed-source\">\n            Source:\n\n                            IT Biztons\u00e1gi h\u00edrek \u2013 Nemzeti Kiberv\u00e9delmi Int\u00e9zet\n                    <\/span>\n    \n            <span class=\"feed-date\">\n            Published on 2026-05-06\n        <\/span>\n    \n    <\/div>\n\n\n\n\n\n            \n        <\/li>\n                    <li class=\"wpra-item feed-item\">\n            \n            \n\n    <a  href=\"https:\/\/nki.gov.hu\/it-biztonsag\/hirek\/a-kiberbunozok-telegram-mini-appokat-hasznalnak-kriptovaluta-csalasok-es-malware-terjesztesere\/\" target=\"_blank\" rel=\"nofollow\" class=\"\">A kiberb\u0171n\u00f6z\u0151k Telegram Mini Appokat haszn\u00e1lnak kriptovaluta-csal\u00e1sok \u00e9s malware terjeszt\u00e9s\u00e9re<\/a>\n\n\n\n\n\n\n<div class=\"wprss-feed-meta\">\n            <span class=\"feed-source\">\n            Source:\n\n                            IT Biztons\u00e1gi h\u00edrek \u2013 Nemzeti Kiberv\u00e9delmi Int\u00e9zet\n                    <\/span>\n    \n            <span class=\"feed-date\">\n            Published on 2026-05-05\n        <\/span>\n    \n    <\/div>\n\n\n\n\n\n            \n        <\/li>\n                    <li class=\"wpra-item feed-item\">\n            \n            \n\n    <a  href=\"https:\/\/nki.gov.hu\/it-biztonsag\/hirek\/uj-korszak-vagy-tempovaltas-mit-jelent-a-claude-mythos-a-kiberbiztonsagban\/\" target=\"_blank\" rel=\"nofollow\" class=\"\">\u00daj korszak vagy temp\u00f3v\u00e1lt\u00e1s? Mit jelent a Claude Mythos a kiberbiztons\u00e1gban<\/a>\n\n\n\n\n\n\n<div class=\"wprss-feed-meta\">\n            <span class=\"feed-source\">\n            Source:\n\n                            IT Biztons\u00e1gi h\u00edrek \u2013 Nemzeti Kiberv\u00e9delmi Int\u00e9zet\n                    <\/span>\n    \n            <span class=\"feed-date\">\n            Published on 2026-05-05\n        <\/span>\n    \n    <\/div>\n\n\n\n\n\n            \n        <\/li>\n                    <li class=\"wpra-item feed-item\">\n            \n            \n\n    <a  href=\"https:\/\/nki.gov.hu\/it-biztonsag\/hirek\/aktivan-kihasznaljak-a-cpanel-nulladik-napi-serulekenyseget\/\" target=\"_blank\" rel=\"nofollow\" class=\"\">Akt\u00edvan kihaszn\u00e1lj\u00e1k a cPanel nulladik napi s\u00e9r\u00fcl\u00e9kenys\u00e9g\u00e9t<\/a>\n\n\n\n\n\n\n<div class=\"wprss-feed-meta\">\n            <span class=\"feed-source\">\n            Source:\n\n                            IT Biztons\u00e1gi h\u00edrek \u2013 Nemzeti Kiberv\u00e9delmi Int\u00e9zet\n                    <\/span>\n    \n            <span class=\"feed-date\">\n            Published on 2026-05-05\n        <\/span>\n    \n    <\/div>\n\n\n\n\n\n            \n        <\/li>\n                    <li class=\"wpra-item feed-item\">\n            \n            \n\n    <a  href=\"https:\/\/nki.gov.hu\/it-biztonsag\/hirek\/30-ezer-facebook-fiokot-tortek-fel-egy-uj-adathalasz-kampany-soran\/\" target=\"_blank\" rel=\"nofollow\" class=\"\">30 ezer Facebook fi\u00f3kot t\u00f6rtek fel egy \u00faj adathal\u00e1sz kamp\u00e1ny sor\u00e1n<\/a>\n\n\n\n\n\n\n<div class=\"wprss-feed-meta\">\n            <span class=\"feed-source\">\n            Source:\n\n                            IT Biztons\u00e1gi h\u00edrek \u2013 Nemzeti Kiberv\u00e9delmi Int\u00e9zet\n                    <\/span>\n    \n            <span class=\"feed-date\">\n            Published on 2026-05-05\n        <\/span>\n    \n    <\/div>\n\n\n\n\n\n            \n        <\/li>\n                    <li class=\"wpra-item feed-item\">\n            \n            \n\n    <a  href=\"https:\/\/nki.gov.hu\/it-biztonsag\/hirek\/az-adt-adatszivargas-55-millio-felhasznalot-erint\/\" target=\"_blank\" rel=\"nofollow\" class=\"\">Az ADT adatsziv\u00e1rg\u00e1s 5,5 milli\u00f3 felhaszn\u00e1l\u00f3t \u00e9rint<\/a>\n\n\n\n\n\n\n<div class=\"wprss-feed-meta\">\n            <span class=\"feed-source\">\n            Source:\n\n                            IT Biztons\u00e1gi h\u00edrek \u2013 Nemzeti Kiberv\u00e9delmi Int\u00e9zet\n                    <\/span>\n    \n            <span class=\"feed-date\">\n            Published on 2026-04-29\n        <\/span>\n    \n    <\/div>\n\n\n\n\n\n            \n        <\/li>\n                    <li class=\"wpra-item feed-item\">\n            \n            \n\n    <a  href=\"https:\/\/nki.gov.hu\/it-biztonsag\/hirek\/hangalapu-deepfake-tamadasok\/\" target=\"_blank\" rel=\"nofollow\" class=\"\">Hangalap\u00fa deepfake-t\u00e1mad\u00e1sok<\/a>\n\n\n\n\n\n\n<div class=\"wprss-feed-meta\">\n            <span class=\"feed-source\">\n            Source:\n\n                            IT Biztons\u00e1gi h\u00edrek \u2013 Nemzeti Kiberv\u00e9delmi Int\u00e9zet\n                    <\/span>\n    \n            <span class=\"feed-date\">\n            Published on 2026-04-28\n        <\/span>\n    \n    <\/div>\n\n\n\n\n\n            \n        <\/li>\n        <\/ul>\n\n        \n<\/div>\n\n<\/div>\n<\/div>\n\t\t\t\t\t\t<\/div>\n\t\t\t\t<\/div>\n\t\t\t\t<\/div>\n\t\t\t\t\t<\/div>\n\t\t\t\t<\/div>\n\t\t\t\t<\/div>","protected":false},"excerpt":{"rendered":"<p>RRS1 IT Biztons\u00e1g &#8211; h\u00edrek<\/p>","protected":false},"author":1,"featured_media":330,"parent":0,"menu_order":0,"comment_status":"closed","ping_status":"closed","template":"elementor_header_footer","meta":{"footnotes":""},"class_list":["post-296","page","type-page","status-publish","has-post-thumbnail","hentry"],"yoast_head":"<!-- This site is optimized with the Yoast SEO plugin v26.2 - https:\/\/yoast.com\/wordpress\/plugins\/seo\/ -->\n<title>RRS1 &#8211; IT Biztons\u00e1g<\/title>\n<meta name=\"description\" content=\"Friss IT biztons\u00e1gi h\u00edrek egy helyen \u2013 k\u00f6vesd a HNsecureit RSS feedj\u00e9t, \u00e9s \u00e9rtes\u00fclj els\u0151k\u00e9nt a leg\u00fajabb kiberbiztons\u00e1gi fenyeget\u00e9sekr\u0151l.\" \/>\n<meta name=\"robots\" content=\"index, follow, max-snippet:-1, max-image-preview:large, max-video-preview:-1\" \/>\n<link rel=\"canonical\" href=\"https:\/\/hnsecureit.com\/en\/it-biztonsag-hirek\/\" \/>\n<meta property=\"og:locale\" content=\"en_GB\" \/>\n<meta property=\"og:type\" content=\"article\" \/>\n<meta property=\"og:title\" content=\"RRS1 &#8211; IT Biztons\u00e1g\" \/>\n<meta property=\"og:description\" content=\"Friss IT biztons\u00e1gi h\u00edrek egy helyen \u2013 k\u00f6vesd a HNsecureit RSS feedj\u00e9t, \u00e9s \u00e9rtes\u00fclj els\u0151k\u00e9nt a leg\u00fajabb kiberbiztons\u00e1gi fenyeget\u00e9sekr\u0151l.\" \/>\n<meta property=\"og:url\" content=\"https:\/\/hnsecureit.com\/en\/it-biztonsag-hirek\/\" \/>\n<meta property=\"article:publisher\" content=\"https:\/\/www.facebook.com\/profile.php?id=61577724195498\" \/>\n<meta property=\"article:modified_time\" content=\"2025-07-18T08:33:05+00:00\" \/>\n<meta property=\"og:image\" content=\"https:\/\/hnsecureit.com\/wp-content\/uploads\/2025\/07\/abstract-cybersecurity-concept-design-scaled.jpg\" \/>\n\t<meta property=\"og:image:width\" content=\"2560\" \/>\n\t<meta property=\"og:image:height\" content=\"1463\" \/>\n\t<meta property=\"og:image:type\" content=\"image\/jpeg\" \/>\n<meta name=\"twitter:card\" content=\"summary_large_image\" \/>\n<meta name=\"twitter:label1\" content=\"Estimated reading time\" \/>\n\t<meta name=\"twitter:data1\" content=\"1 minute\" \/>\n<script type=\"application\/ld+json\" class=\"yoast-schema-graph\">{\"@context\":\"https:\/\/schema.org\",\"@graph\":[{\"@type\":\"WebPage\",\"@id\":\"https:\/\/hnsecureit.com\/it-biztonsag-hirek\/\",\"url\":\"https:\/\/hnsecureit.com\/it-biztonsag-hirek\/\",\"name\":\"RRS1 &#8211; IT Biztons\u00e1g\",\"isPartOf\":{\"@id\":\"https:\/\/hnsecureit.com\/#website\"},\"primaryImageOfPage\":{\"@id\":\"https:\/\/hnsecureit.com\/it-biztonsag-hirek\/#primaryimage\"},\"image\":{\"@id\":\"https:\/\/hnsecureit.com\/it-biztonsag-hirek\/#primaryimage\"},\"thumbnailUrl\":\"https:\/\/hnsecureit.com\/wp-content\/uploads\/2025\/07\/abstract-cybersecurity-concept-design-scaled.jpg\",\"datePublished\":\"2025-07-02T11:50:33+00:00\",\"dateModified\":\"2025-07-18T08:33:05+00:00\",\"description\":\"Friss IT biztons\u00e1gi h\u00edrek egy helyen \u2013 k\u00f6vesd a HNsecureit RSS feedj\u00e9t, \u00e9s \u00e9rtes\u00fclj els\u0151k\u00e9nt a leg\u00fajabb kiberbiztons\u00e1gi fenyeget\u00e9sekr\u0151l.\",\"breadcrumb\":{\"@id\":\"https:\/\/hnsecureit.com\/it-biztonsag-hirek\/#breadcrumb\"},\"inLanguage\":\"en-GB\",\"potentialAction\":[{\"@type\":\"ReadAction\",\"target\":[\"https:\/\/hnsecureit.com\/it-biztonsag-hirek\/\"]}]},{\"@type\":\"ImageObject\",\"inLanguage\":\"en-GB\",\"@id\":\"https:\/\/hnsecureit.com\/it-biztonsag-hirek\/#primaryimage\",\"url\":\"https:\/\/hnsecureit.com\/wp-content\/uploads\/2025\/07\/abstract-cybersecurity-concept-design-scaled.jpg\",\"contentUrl\":\"https:\/\/hnsecureit.com\/wp-content\/uploads\/2025\/07\/abstract-cybersecurity-concept-design-scaled.jpg\",\"width\":2560,\"height\":1463},{\"@type\":\"BreadcrumbList\",\"@id\":\"https:\/\/hnsecureit.com\/it-biztonsag-hirek\/#breadcrumb\",\"itemListElement\":[{\"@type\":\"ListItem\",\"position\":1,\"name\":\"Kezd\u0151lap\",\"item\":\"https:\/\/hnsecureit.com\/\"},{\"@type\":\"ListItem\",\"position\":2,\"name\":\"RRS1\"}]},{\"@type\":\"WebSite\",\"@id\":\"https:\/\/hnsecureit.com\/#website\",\"url\":\"https:\/\/hnsecureit.com\/\",\"name\":\"https:\/\/hnsecureit.com\/\",\"description\":\"IT biztons\u00e1g \u00e9s tan\u00e1csad\u00e1s \u2013 HN Secure IT Kft.\",\"publisher\":{\"@id\":\"https:\/\/hnsecureit.com\/#organization\"},\"alternateName\":\"hnsecureit\",\"potentialAction\":[{\"@type\":\"SearchAction\",\"target\":{\"@type\":\"EntryPoint\",\"urlTemplate\":\"https:\/\/hnsecureit.com\/?s={search_term_string}\"},\"query-input\":{\"@type\":\"PropertyValueSpecification\",\"valueRequired\":true,\"valueName\":\"search_term_string\"}}],\"inLanguage\":\"en-GB\"},{\"@type\":\"Organization\",\"@id\":\"https:\/\/hnsecureit.com\/#organization\",\"name\":\"hnsecureit\",\"url\":\"https:\/\/hnsecureit.com\/\",\"logo\":{\"@type\":\"ImageObject\",\"inLanguage\":\"en-GB\",\"@id\":\"https:\/\/hnsecureit.com\/#\/schema\/logo\/image\/\",\"url\":\"https:\/\/hnsecureit.com\/wp-content\/uploads\/2025\/07\/HN-Secure-v5_1.svg\",\"contentUrl\":\"https:\/\/hnsecureit.com\/wp-content\/uploads\/2025\/07\/HN-Secure-v5_1.svg\",\"width\":536,\"height\":608,\"caption\":\"hnsecureit\"},\"image\":{\"@id\":\"https:\/\/hnsecureit.com\/#\/schema\/logo\/image\/\"},\"sameAs\":[\"https:\/\/www.facebook.com\/profile.php?id=61577724195498\",\"https:\/\/www.linkedin.com\/company\/hn-secure-it-kft\/\"]}]}<\/script>\n<!-- \/ Yoast SEO plugin. -->","yoast_head_json":{"title":"RRS1 &#8211; IT Biztons\u00e1g","description":"Friss IT biztons\u00e1gi h\u00edrek egy helyen \u2013 k\u00f6vesd a HNsecureit RSS feedj\u00e9t, \u00e9s \u00e9rtes\u00fclj els\u0151k\u00e9nt a leg\u00fajabb kiberbiztons\u00e1gi fenyeget\u00e9sekr\u0151l.","robots":{"index":"index","follow":"follow","max-snippet":"max-snippet:-1","max-image-preview":"max-image-preview:large","max-video-preview":"max-video-preview:-1"},"canonical":"https:\/\/hnsecureit.com\/en\/it-biztonsag-hirek\/","og_locale":"en_GB","og_type":"article","og_title":"RRS1 &#8211; IT Biztons\u00e1g","og_description":"Friss IT biztons\u00e1gi h\u00edrek egy helyen \u2013 k\u00f6vesd a HNsecureit RSS feedj\u00e9t, \u00e9s \u00e9rtes\u00fclj els\u0151k\u00e9nt a leg\u00fajabb kiberbiztons\u00e1gi fenyeget\u00e9sekr\u0151l.","og_url":"https:\/\/hnsecureit.com\/en\/it-biztonsag-hirek\/","article_publisher":"https:\/\/www.facebook.com\/profile.php?id=61577724195498","article_modified_time":"2025-07-18T08:33:05+00:00","og_image":[{"width":2560,"height":1463,"url":"https:\/\/hnsecureit.com\/wp-content\/uploads\/2025\/07\/abstract-cybersecurity-concept-design-scaled.jpg","type":"image\/jpeg"}],"twitter_card":"summary_large_image","twitter_misc":{"Estimated reading time":"1 minute"},"schema":{"@context":"https:\/\/schema.org","@graph":[{"@type":"WebPage","@id":"https:\/\/hnsecureit.com\/it-biztonsag-hirek\/","url":"https:\/\/hnsecureit.com\/it-biztonsag-hirek\/","name":"RRS1 &#8211; IT Biztons\u00e1g","isPartOf":{"@id":"https:\/\/hnsecureit.com\/#website"},"primaryImageOfPage":{"@id":"https:\/\/hnsecureit.com\/it-biztonsag-hirek\/#primaryimage"},"image":{"@id":"https:\/\/hnsecureit.com\/it-biztonsag-hirek\/#primaryimage"},"thumbnailUrl":"https:\/\/hnsecureit.com\/wp-content\/uploads\/2025\/07\/abstract-cybersecurity-concept-design-scaled.jpg","datePublished":"2025-07-02T11:50:33+00:00","dateModified":"2025-07-18T08:33:05+00:00","description":"Friss IT biztons\u00e1gi h\u00edrek egy helyen \u2013 k\u00f6vesd a HNsecureit RSS feedj\u00e9t, \u00e9s \u00e9rtes\u00fclj els\u0151k\u00e9nt a leg\u00fajabb kiberbiztons\u00e1gi fenyeget\u00e9sekr\u0151l.","breadcrumb":{"@id":"https:\/\/hnsecureit.com\/it-biztonsag-hirek\/#breadcrumb"},"inLanguage":"en-GB","potentialAction":[{"@type":"ReadAction","target":["https:\/\/hnsecureit.com\/it-biztonsag-hirek\/"]}]},{"@type":"ImageObject","inLanguage":"en-GB","@id":"https:\/\/hnsecureit.com\/it-biztonsag-hirek\/#primaryimage","url":"https:\/\/hnsecureit.com\/wp-content\/uploads\/2025\/07\/abstract-cybersecurity-concept-design-scaled.jpg","contentUrl":"https:\/\/hnsecureit.com\/wp-content\/uploads\/2025\/07\/abstract-cybersecurity-concept-design-scaled.jpg","width":2560,"height":1463},{"@type":"BreadcrumbList","@id":"https:\/\/hnsecureit.com\/it-biztonsag-hirek\/#breadcrumb","itemListElement":[{"@type":"ListItem","position":1,"name":"Kezd\u0151lap","item":"https:\/\/hnsecureit.com\/"},{"@type":"ListItem","position":2,"name":"RRS1"}]},{"@type":"WebSite","@id":"https:\/\/hnsecureit.com\/#website","url":"https:\/\/hnsecureit.com\/","name":"https:\/\/hnsecureit.com\/","description":"IT biztons\u00e1g \u00e9s tan\u00e1csad\u00e1s \u2013 HN Secure IT Kft.","publisher":{"@id":"https:\/\/hnsecureit.com\/#organization"},"alternateName":"hnsecureit","potentialAction":[{"@type":"SearchAction","target":{"@type":"EntryPoint","urlTemplate":"https:\/\/hnsecureit.com\/?s={search_term_string}"},"query-input":{"@type":"PropertyValueSpecification","valueRequired":true,"valueName":"search_term_string"}}],"inLanguage":"en-GB"},{"@type":"Organization","@id":"https:\/\/hnsecureit.com\/#organization","name":"hnsecureit","url":"https:\/\/hnsecureit.com\/","logo":{"@type":"ImageObject","inLanguage":"en-GB","@id":"https:\/\/hnsecureit.com\/#\/schema\/logo\/image\/","url":"https:\/\/hnsecureit.com\/wp-content\/uploads\/2025\/07\/HN-Secure-v5_1.svg","contentUrl":"https:\/\/hnsecureit.com\/wp-content\/uploads\/2025\/07\/HN-Secure-v5_1.svg","width":536,"height":608,"caption":"hnsecureit"},"image":{"@id":"https:\/\/hnsecureit.com\/#\/schema\/logo\/image\/"},"sameAs":["https:\/\/www.facebook.com\/profile.php?id=61577724195498","https:\/\/www.linkedin.com\/company\/hn-secure-it-kft\/"]}]}},"_links":{"self":[{"href":"https:\/\/hnsecureit.com\/en\/wp-json\/wp\/v2\/pages\/296","targetHints":{"allow":["GET"]}}],"collection":[{"href":"https:\/\/hnsecureit.com\/en\/wp-json\/wp\/v2\/pages"}],"about":[{"href":"https:\/\/hnsecureit.com\/en\/wp-json\/wp\/v2\/types\/page"}],"author":[{"embeddable":true,"href":"https:\/\/hnsecureit.com\/en\/wp-json\/wp\/v2\/users\/1"}],"replies":[{"embeddable":true,"href":"https:\/\/hnsecureit.com\/en\/wp-json\/wp\/v2\/comments?post=296"}],"version-history":[{"count":16,"href":"https:\/\/hnsecureit.com\/en\/wp-json\/wp\/v2\/pages\/296\/revisions"}],"predecessor-version":[{"id":893,"href":"https:\/\/hnsecureit.com\/en\/wp-json\/wp\/v2\/pages\/296\/revisions\/893"}],"wp:featuredmedia":[{"embeddable":true,"href":"https:\/\/hnsecureit.com\/en\/wp-json\/wp\/v2\/media\/330"}],"wp:attachment":[{"href":"https:\/\/hnsecureit.com\/en\/wp-json\/wp\/v2\/media?parent=296"}],"curies":[{"name":"wp","href":"https:\/\/api.w.org\/{rel}","templated":true}]}}