{"id":379,"date":"2025-07-03T14:25:40","date_gmt":"2025-07-03T14:25:40","guid":{"rendered":"https:\/\/hnsecureit.com\/?page_id=379"},"modified":"2025-07-19T13:59:04","modified_gmt":"2025-07-19T13:59:04","slug":"ibf-szolgaltatas","status":"publish","type":"page","link":"https:\/\/hnsecureit.com\/en\/ibf-szolgaltatas\/","title":{"rendered":"Virtual ciso services"},"content":{"rendered":"<div data-elementor-type=\"wp-page\" data-elementor-id=\"379\" class=\"elementor elementor-379\">\n\t\t\t\t<div class=\"elementor-element elementor-element-54dba872 e-flex e-con-boxed e-con e-child\" data-id=\"54dba872\" data-element_type=\"container\" data-e-type=\"container\" data-settings=\"{&quot;background_background&quot;:&quot;classic&quot;}\">\n\t\t\t\t\t<div class=\"e-con-inner\">\n\t\t<div class=\"elementor-element elementor-element-5cb6dd64 e-con-full e-flex e-con e-child\" data-id=\"5cb6dd64\" data-element_type=\"container\" data-e-type=\"container\">\n\t\t<div class=\"elementor-element elementor-element-3d8513e7 e-flex e-con-boxed e-con e-child\" data-id=\"3d8513e7\" data-element_type=\"container\" data-e-type=\"container\">\n\t\t\t\t\t<div class=\"e-con-inner\">\n\t\t\t\t<div class=\"elementor-element elementor-element-21e03925 elementor-widget-divider--view-line_text elementor-widget-divider--element-align-right elementor-invisible elementor-widget elementor-widget-divider\" data-id=\"21e03925\" data-element_type=\"widget\" data-e-type=\"widget\" data-settings=\"{&quot;_animation&quot;:&quot;fadeInUp&quot;}\" data-widget_type=\"divider.default\">\n\t\t\t\t<div class=\"elementor-widget-container\">\n\t\t\t\t\t\t\t<div class=\"elementor-divider\">\n\t\t\t<span class=\"elementor-divider-separator\">\n\t\t\t\t\t\t\t<h2 class=\"elementor-divider__text elementor-divider__element\">\n\t\t\t\tService\t\t\t\t<\/h2>\n\t\t\t\t\t\t<\/span>\n\t\t<\/div>\n\t\t\t\t\t\t<\/div>\n\t\t\t\t<\/div>\n\t\t\t\t<div class=\"elementor-element elementor-element-59fc2914 elementor-invisible elementor-widget elementor-widget-elementskit-heading\" data-id=\"59fc2914\" data-element_type=\"widget\" data-e-type=\"widget\" data-settings=\"{&quot;_animation&quot;:&quot;fadeInUp&quot;,&quot;_animation_delay&quot;:200}\" data-widget_type=\"elementskit-heading.default\">\n\t\t\t\t<div class=\"elementor-widget-container\">\n\t\t\t\t\t<div class=\"ekit-wid-con\" ><div class=\"ekit-heading elementskit-section-title-wraper text_center   ekit_heading_tablet-   ekit_heading_mobile-\"><h1 class=\"ekit-heading--title elementskit-section-title text_fill\"> <span><span>Virtual ciso<\/span><\/span><\/h1><\/div><\/div>\t\t\t\t<\/div>\n\t\t\t\t<\/div>\n\t\t\t\t\t<\/div>\n\t\t\t\t<\/div>\n\t\t\t\t<\/div>\n\t\t\t\t\t<\/div>\n\t\t\t\t<\/div>\n\t\t<div class=\"elementor-element elementor-element-584f8000 e-flex e-con-boxed e-con e-parent\" data-id=\"584f8000\" data-element_type=\"container\" data-e-type=\"container\" data-settings=\"{&quot;background_background&quot;:&quot;classic&quot;}\">\n\t\t\t\t\t<div class=\"e-con-inner\">\n\t\t<div class=\"elementor-element elementor-element-6d559813 e-con-full e-flex e-con e-child\" data-id=\"6d559813\" data-element_type=\"container\" data-e-type=\"container\">\n\t\t\t\t<div class=\"elementor-element elementor-element-7328d6a6 elementor-invisible elementor-widget elementor-widget-elementskit-heading\" data-id=\"7328d6a6\" data-element_type=\"widget\" data-e-type=\"widget\" data-settings=\"{&quot;_animation&quot;:&quot;fadeInUp&quot;,&quot;_animation_delay&quot;:200}\" data-widget_type=\"elementskit-heading.default\">\n\t\t\t\t<div class=\"elementor-widget-container\">\n\t\t\t\t\t<div class=\"ekit-wid-con\" ><div class=\"ekit-heading elementskit-section-title-wraper text_left   ekit_heading_tablet-   ekit_heading_mobile-\"><h3 class=\"ekit-heading--title elementskit-section-title text_fill translation-block\"><span><span>Information Security Officer<\/span><\/span> \u2013 outsourced expertise, ongoing compliance<\/h3><\/div><\/div>\t\t\t\t<\/div>\n\t\t\t\t<\/div>\n\t\t\t\t<div class=\"elementor-element elementor-element-60d142b9 elementor-widget elementor-widget-text-editor\" data-id=\"60d142b9\" data-element_type=\"widget\" data-e-type=\"widget\" data-widget_type=\"text-editor.default\">\n\t\t\t\t<div class=\"elementor-widget-container\">\n\t\t\t\t\t\t\t\t\t<p>Act LXIX of 2024 and Government Decree 418\/2024 (VII. 4.) require the appointment of an information security officer for state, local government and certain private sector organizations.<\/p><p>HN Secure IT Kft.'s IBF service ensures that your company's legal compliance, information security operations and regulatory relations are in professional hands - without overloading your internal resources.<\/p><p class=\"translation-block\">Why choose our outsourced IBF service?<\/p><ul><li>Our experienced, certified information security experts guarantee compliance<\/li><li>Up-to-date knowledge and continuous compliance with legislation<\/li><li>Full support for audits, risk analysis and training<\/li><li>Cost-effective solution without having your own IT security staff<\/li><\/ul>\t\t\t\t\t\t\t\t<\/div>\n\t\t\t\t<\/div>\n\t\t<div class=\"elementor-element elementor-element-3aa04d0 e-con-full e-flex e-con e-child\" data-id=\"3aa04d0\" data-element_type=\"container\" data-e-type=\"container\">\n\t\t\t\t<div class=\"elementor-element elementor-element-ce22506 elementor-widget-divider--view-line_text elementor-widget-divider--element-align-right elementor-invisible elementor-widget elementor-widget-divider\" data-id=\"ce22506\" data-element_type=\"widget\" data-e-type=\"widget\" data-settings=\"{&quot;_animation&quot;:&quot;fadeInUp&quot;}\" data-widget_type=\"divider.default\">\n\t\t\t\t<div class=\"elementor-widget-container\">\n\t\t\t\t\t\t\t<div class=\"elementor-divider\">\n\t\t\t<span class=\"elementor-divider-separator\">\n\t\t\t\t\t\t<\/span>\n\t\t<\/div>\n\t\t\t\t\t\t<\/div>\n\t\t\t\t<\/div>\n\t\t\t\t<div class=\"elementor-element elementor-element-d1bf9e4 elementor-invisible elementor-widget elementor-widget-elementskit-heading\" data-id=\"d1bf9e4\" data-element_type=\"widget\" data-e-type=\"widget\" data-settings=\"{&quot;_animation&quot;:&quot;fadeInUp&quot;,&quot;_animation_delay&quot;:200}\" data-widget_type=\"elementskit-heading.default\">\n\t\t\t\t<div class=\"elementor-widget-container\">\n\t\t\t\t\t<div class=\"ekit-wid-con\" ><div class=\"ekit-heading elementskit-section-title-wraper text_left   ekit_heading_tablet-   ekit_heading_mobile-\"><h3 class=\"ekit-heading--title elementskit-section-title text_fill translation-block\">Why choose our outsourced IBF service?<\/h3><\/div><\/div>\t\t\t\t<\/div>\n\t\t\t\t<\/div>\n\t\t\t\t<div class=\"elementor-element elementor-element-dc7b9d8 elementor-widget elementor-widget-text-editor\" data-id=\"dc7b9d8\" data-element_type=\"widget\" data-e-type=\"widget\" data-widget_type=\"text-editor.default\">\n\t\t\t\t<div class=\"elementor-widget-container\">\n\t\t\t\t\t\t\t\t\t<p>Our service covers the following key information security tasks:<\/p><ul><li>Ensuring legal compliance of electronic information systems<\/li><li>\u00a0Maintenance and updating of the Information Security Policy (ISP)<\/li><li>Conduct annual eligibility reviews<\/li><li>Organizing annual security awareness trainings<\/li><li>Developing differentiated training plans for different user groups<\/li><li>Preparing an annual internal audit plan and conducting internal audits<\/li><li>Participation in risk analysis processes<\/li><li>Security review of internal regulations and contracts<\/li><li>Liaison with authorities and cyber security bodies (e.g. SZTFH, NKI)<\/li><li>Compiling and keeping up-to-date data reports to the Authority<\/li><li>Investigation of security incidents, fulfillment of reporting obligations<\/li><li>Conducting and monitoring vulnerability assessments with the involvement of an external partner<\/li><li>Preparation for external audits, support in achieving compliance<\/li><\/ul>\t\t\t\t\t\t\t\t<\/div>\n\t\t\t\t<\/div>\n\t\t\t\t<\/div>\n\t\t<div class=\"elementor-element elementor-element-bf76e53 e-con-full e-flex e-con e-child\" data-id=\"bf76e53\" data-element_type=\"container\" data-e-type=\"container\">\n\t\t\t\t<div class=\"elementor-element elementor-element-555c53a elementor-widget-divider--view-line_text elementor-widget-divider--element-align-right elementor-invisible elementor-widget elementor-widget-divider\" data-id=\"555c53a\" data-element_type=\"widget\" data-e-type=\"widget\" data-settings=\"{&quot;_animation&quot;:&quot;fadeInUp&quot;}\" data-widget_type=\"divider.default\">\n\t\t\t\t<div class=\"elementor-widget-container\">\n\t\t\t\t\t\t\t<div class=\"elementor-divider\">\n\t\t\t<span class=\"elementor-divider-separator\">\n\t\t\t\t\t\t<\/span>\n\t\t<\/div>\n\t\t\t\t\t\t<\/div>\n\t\t\t\t<\/div>\n\t\t\t\t<div class=\"elementor-element elementor-element-93c322f elementor-invisible elementor-widget elementor-widget-elementskit-heading\" data-id=\"93c322f\" data-element_type=\"widget\" data-e-type=\"widget\" data-settings=\"{&quot;_animation&quot;:&quot;fadeInUp&quot;,&quot;_animation_delay&quot;:200}\" data-widget_type=\"elementskit-heading.default\">\n\t\t\t\t<div class=\"elementor-widget-container\">\n\t\t\t\t\t<div class=\"ekit-wid-con\" ><div class=\"ekit-heading elementskit-section-title-wraper text_left   ekit_heading_tablet-   ekit_heading_mobile-\"><h3 class=\"ekit-heading--title elementskit-section-title text_fill translation-block\"><span><span>HN Secure IT<\/span><\/span> \u2013 Reliable information security<\/h3><\/div><\/div>\t\t\t\t<\/div>\n\t\t\t\t<\/div>\n\t\t\t\t<div class=\"elementor-element elementor-element-8a18809 elementor-widget elementor-widget-text-editor\" data-id=\"8a18809\" data-element_type=\"widget\" data-e-type=\"widget\" data-widget_type=\"text-editor.default\">\n\t\t\t\t<div class=\"elementor-widget-container\">\n\t\t\t\t\t\t\t\t\t<ul><li><p>The practical experience, up-to-date knowledge and qualifications of our team of experts guarantee that your organization not only complies with legal requirements, but also operates maturely and preparedly from an information security perspective.<\/p><\/li><\/ul>\t\t\t\t\t\t\t\t<\/div>\n\t\t\t\t<\/div>\n\t\t\t\t<\/div>\n\t\t<div class=\"elementor-element elementor-element-bdb52bd e-con-full e-flex e-con e-child\" data-id=\"bdb52bd\" data-element_type=\"container\" data-e-type=\"container\">\n\t\t\t\t<div class=\"elementor-element elementor-element-250eb8f elementor-widget-divider--view-line_text elementor-widget-divider--element-align-right elementor-invisible elementor-widget elementor-widget-divider\" data-id=\"250eb8f\" data-element_type=\"widget\" data-e-type=\"widget\" data-settings=\"{&quot;_animation&quot;:&quot;fadeInUp&quot;}\" data-widget_type=\"divider.default\">\n\t\t\t\t<div class=\"elementor-widget-container\">\n\t\t\t\t\t\t\t<div class=\"elementor-divider\">\n\t\t\t<span class=\"elementor-divider-separator\">\n\t\t\t\t\t\t<\/span>\n\t\t<\/div>\n\t\t\t\t\t\t<\/div>\n\t\t\t\t<\/div>\n\t\t\t\t<div class=\"elementor-element elementor-element-ee3f2ae elementor-invisible elementor-widget elementor-widget-elementskit-heading\" data-id=\"ee3f2ae\" data-element_type=\"widget\" data-e-type=\"widget\" data-settings=\"{&quot;_animation&quot;:&quot;fadeInUp&quot;,&quot;_animation_delay&quot;:200}\" data-widget_type=\"elementskit-heading.default\">\n\t\t\t\t<div class=\"elementor-widget-container\">\n\t\t\t\t\t<div class=\"ekit-wid-con\" ><div class=\"ekit-heading elementskit-section-title-wraper text_left   ekit_heading_tablet-   ekit_heading_mobile-\"><h3 class=\"ekit-heading--title elementskit-section-title text_fill translation-block\">Request our quote <span><span>today<\/span><\/span>!<\/h3><\/div><\/div>\t\t\t\t<\/div>\n\t\t\t\t<\/div>\n\t\t\t\t<div class=\"elementor-element elementor-element-22792fd elementor-widget elementor-widget-text-editor\" data-id=\"22792fd\" data-element_type=\"widget\" data-e-type=\"widget\" data-widget_type=\"text-editor.default\">\n\t\t\t\t<div class=\"elementor-widget-container\">\n\t\t\t\t\t\t\t\t\t<p>Contact us and we will develop an IBF service package tailored to your organization - quickly, reliably, and in an auditable format.<\/p>\t\t\t\t\t\t\t\t<\/div>\n\t\t\t\t<\/div>\n\t\t\t\t<\/div>\n\t\t\t\t<\/div>\n\t\t\t\t\t<\/div>\n\t\t\t\t<\/div>\n\t\t\t\t<\/div>","protected":false},"excerpt":{"rendered":"<p>Szolg\u00e1ltat\u00e1s IBF Inform\u00e1ci\u00f3biztons\u00e1gi felel\u0151s \u2013 kiszervezett szak\u00e9rtelem, folyamatos megfelel\u00e9s A 2024. \u00e9vi LXIX. t\u00f6rv\u00e9ny \u00e9s a 418\/2024. (VII. 4.) Korm. rendelet el\u0151\u00edrja az inform\u00e1ci\u00f3biztons\u00e1gi felel\u0151s kijel\u00f6l\u00e9s\u00e9t \u00e1llami, \u00f6nkorm\u00e1nyzati \u00e9s egyes mag\u00e1nszektorbeli szervezetek sz\u00e1m\u00e1ra. A HN Secure IT Kft. IBF szolg\u00e1ltat\u00e1sa biztos\u00edtja, hogy v\u00e1llalata jogszab\u00e1lyi megfelel\u00e9se, inform\u00e1ci\u00f3biztons\u00e1gi m\u0171k\u00f6d\u00e9se \u00e9s hat\u00f3s\u00e1gi kapcsolattart\u00e1sa is professzion\u00e1lis kezekben legyen \u2013 [&hellip;]<\/p>\n","protected":false},"author":1,"featured_media":330,"parent":0,"menu_order":0,"comment_status":"closed","ping_status":"closed","template":"elementor_header_footer","meta":{"footnotes":""},"class_list":["post-379","page","type-page","status-publish","has-post-thumbnail","hentry"],"yoast_head":"<!-- This site is optimized with the Yoast SEO plugin v26.2 - https:\/\/yoast.com\/wordpress\/plugins\/seo\/ -->\n<title>IBF szolg\u00e1ltat\u00e1s &#8211; Inform\u00e1ci\u00f3biztons\u00e1gi felel\u0151s<\/title>\n<meta name=\"description\" content=\"Kiszervezett inform\u00e1ci\u00f3biztons\u00e1gi felel\u0151s (IBF) szolg\u00e1ltat\u00e1s: hat\u00e9kony megold\u00e1s a jogszab\u00e1lyi megfelel\u00e9shez. Tapasztalt szak\u00e9rt\u0151kkel.\" \/>\n<meta name=\"robots\" content=\"index, follow, max-snippet:-1, max-image-preview:large, max-video-preview:-1\" \/>\n<link rel=\"canonical\" href=\"https:\/\/hnsecureit.com\/en\/ibf-szolgaltatas\/\" \/>\n<meta property=\"og:locale\" content=\"en_GB\" \/>\n<meta property=\"og:type\" content=\"article\" \/>\n<meta property=\"og:title\" content=\"IBF szolg\u00e1ltat\u00e1s &#8211; Inform\u00e1ci\u00f3biztons\u00e1gi felel\u0151s\" \/>\n<meta property=\"og:description\" content=\"Kiszervezett inform\u00e1ci\u00f3biztons\u00e1gi felel\u0151s (IBF) szolg\u00e1ltat\u00e1s: hat\u00e9kony megold\u00e1s a jogszab\u00e1lyi megfelel\u00e9shez. Tapasztalt szak\u00e9rt\u0151kkel.\" \/>\n<meta property=\"og:url\" content=\"https:\/\/hnsecureit.com\/en\/ibf-szolgaltatas\/\" \/>\n<meta property=\"article:publisher\" content=\"https:\/\/www.facebook.com\/profile.php?id=61577724195498\" \/>\n<meta property=\"article:modified_time\" content=\"2025-07-19T13:59:04+00:00\" \/>\n<meta property=\"og:image\" content=\"https:\/\/hnsecureit.com\/wp-content\/uploads\/2025\/07\/abstract-cybersecurity-concept-design-scaled.jpg\" \/>\n\t<meta property=\"og:image:width\" content=\"2560\" \/>\n\t<meta property=\"og:image:height\" content=\"1463\" \/>\n\t<meta property=\"og:image:type\" content=\"image\/jpeg\" \/>\n<meta name=\"twitter:card\" content=\"summary_large_image\" \/>\n<meta name=\"twitter:label1\" content=\"Estimated reading time\" \/>\n\t<meta name=\"twitter:data1\" content=\"2 minutes\" \/>\n<script type=\"application\/ld+json\" class=\"yoast-schema-graph\">{\"@context\":\"https:\/\/schema.org\",\"@graph\":[{\"@type\":\"WebPage\",\"@id\":\"https:\/\/hnsecureit.com\/ibf-szolgaltatas\/\",\"url\":\"https:\/\/hnsecureit.com\/ibf-szolgaltatas\/\",\"name\":\"IBF szolg\u00e1ltat\u00e1s &#8211; Inform\u00e1ci\u00f3biztons\u00e1gi felel\u0151s\",\"isPartOf\":{\"@id\":\"https:\/\/hnsecureit.com\/#website\"},\"primaryImageOfPage\":{\"@id\":\"https:\/\/hnsecureit.com\/ibf-szolgaltatas\/#primaryimage\"},\"image\":{\"@id\":\"https:\/\/hnsecureit.com\/ibf-szolgaltatas\/#primaryimage\"},\"thumbnailUrl\":\"https:\/\/hnsecureit.com\/wp-content\/uploads\/2025\/07\/abstract-cybersecurity-concept-design-scaled.jpg\",\"datePublished\":\"2025-07-03T14:25:40+00:00\",\"dateModified\":\"2025-07-19T13:59:04+00:00\",\"description\":\"Kiszervezett inform\u00e1ci\u00f3biztons\u00e1gi felel\u0151s (IBF) szolg\u00e1ltat\u00e1s: hat\u00e9kony megold\u00e1s a jogszab\u00e1lyi megfelel\u00e9shez. Tapasztalt szak\u00e9rt\u0151kkel.\",\"breadcrumb\":{\"@id\":\"https:\/\/hnsecureit.com\/ibf-szolgaltatas\/#breadcrumb\"},\"inLanguage\":\"en-GB\",\"potentialAction\":[{\"@type\":\"ReadAction\",\"target\":[\"https:\/\/hnsecureit.com\/ibf-szolgaltatas\/\"]}]},{\"@type\":\"ImageObject\",\"inLanguage\":\"en-GB\",\"@id\":\"https:\/\/hnsecureit.com\/ibf-szolgaltatas\/#primaryimage\",\"url\":\"https:\/\/hnsecureit.com\/wp-content\/uploads\/2025\/07\/abstract-cybersecurity-concept-design-scaled.jpg\",\"contentUrl\":\"https:\/\/hnsecureit.com\/wp-content\/uploads\/2025\/07\/abstract-cybersecurity-concept-design-scaled.jpg\",\"width\":2560,\"height\":1463},{\"@type\":\"BreadcrumbList\",\"@id\":\"https:\/\/hnsecureit.com\/ibf-szolgaltatas\/#breadcrumb\",\"itemListElement\":[{\"@type\":\"ListItem\",\"position\":1,\"name\":\"Kezd\u0151lap\",\"item\":\"https:\/\/hnsecureit.com\/\"},{\"@type\":\"ListItem\",\"position\":2,\"name\":\"IBF szolg\u00e1ltat\u00e1s\"}]},{\"@type\":\"WebSite\",\"@id\":\"https:\/\/hnsecureit.com\/#website\",\"url\":\"https:\/\/hnsecureit.com\/\",\"name\":\"https:\/\/hnsecureit.com\/\",\"description\":\"IT biztons\u00e1g \u00e9s tan\u00e1csad\u00e1s \u2013 HN Secure IT Kft.\",\"publisher\":{\"@id\":\"https:\/\/hnsecureit.com\/#organization\"},\"alternateName\":\"hnsecureit\",\"potentialAction\":[{\"@type\":\"SearchAction\",\"target\":{\"@type\":\"EntryPoint\",\"urlTemplate\":\"https:\/\/hnsecureit.com\/?s={search_term_string}\"},\"query-input\":{\"@type\":\"PropertyValueSpecification\",\"valueRequired\":true,\"valueName\":\"search_term_string\"}}],\"inLanguage\":\"en-GB\"},{\"@type\":\"Organization\",\"@id\":\"https:\/\/hnsecureit.com\/#organization\",\"name\":\"hnsecureit\",\"url\":\"https:\/\/hnsecureit.com\/\",\"logo\":{\"@type\":\"ImageObject\",\"inLanguage\":\"en-GB\",\"@id\":\"https:\/\/hnsecureit.com\/#\/schema\/logo\/image\/\",\"url\":\"https:\/\/hnsecureit.com\/wp-content\/uploads\/2025\/07\/HN-Secure-v5_1.svg\",\"contentUrl\":\"https:\/\/hnsecureit.com\/wp-content\/uploads\/2025\/07\/HN-Secure-v5_1.svg\",\"width\":536,\"height\":608,\"caption\":\"hnsecureit\"},\"image\":{\"@id\":\"https:\/\/hnsecureit.com\/#\/schema\/logo\/image\/\"},\"sameAs\":[\"https:\/\/www.facebook.com\/profile.php?id=61577724195498\",\"https:\/\/www.linkedin.com\/company\/hn-secure-it-kft\/\"]}]}<\/script>\n<!-- \/ Yoast SEO plugin. -->","yoast_head_json":{"title":"IBF szolg\u00e1ltat\u00e1s &#8211; Inform\u00e1ci\u00f3biztons\u00e1gi felel\u0151s","description":"Kiszervezett inform\u00e1ci\u00f3biztons\u00e1gi felel\u0151s (IBF) szolg\u00e1ltat\u00e1s: hat\u00e9kony megold\u00e1s a jogszab\u00e1lyi megfelel\u00e9shez. Tapasztalt szak\u00e9rt\u0151kkel.","robots":{"index":"index","follow":"follow","max-snippet":"max-snippet:-1","max-image-preview":"max-image-preview:large","max-video-preview":"max-video-preview:-1"},"canonical":"https:\/\/hnsecureit.com\/en\/ibf-szolgaltatas\/","og_locale":"en_GB","og_type":"article","og_title":"IBF szolg\u00e1ltat\u00e1s &#8211; Inform\u00e1ci\u00f3biztons\u00e1gi felel\u0151s","og_description":"Kiszervezett inform\u00e1ci\u00f3biztons\u00e1gi felel\u0151s (IBF) szolg\u00e1ltat\u00e1s: hat\u00e9kony megold\u00e1s a jogszab\u00e1lyi megfelel\u00e9shez. Tapasztalt szak\u00e9rt\u0151kkel.","og_url":"https:\/\/hnsecureit.com\/en\/ibf-szolgaltatas\/","article_publisher":"https:\/\/www.facebook.com\/profile.php?id=61577724195498","article_modified_time":"2025-07-19T13:59:04+00:00","og_image":[{"width":2560,"height":1463,"url":"https:\/\/hnsecureit.com\/wp-content\/uploads\/2025\/07\/abstract-cybersecurity-concept-design-scaled.jpg","type":"image\/jpeg"}],"twitter_card":"summary_large_image","twitter_misc":{"Estimated reading time":"2 minutes"},"schema":{"@context":"https:\/\/schema.org","@graph":[{"@type":"WebPage","@id":"https:\/\/hnsecureit.com\/ibf-szolgaltatas\/","url":"https:\/\/hnsecureit.com\/ibf-szolgaltatas\/","name":"IBF szolg\u00e1ltat\u00e1s &#8211; Inform\u00e1ci\u00f3biztons\u00e1gi felel\u0151s","isPartOf":{"@id":"https:\/\/hnsecureit.com\/#website"},"primaryImageOfPage":{"@id":"https:\/\/hnsecureit.com\/ibf-szolgaltatas\/#primaryimage"},"image":{"@id":"https:\/\/hnsecureit.com\/ibf-szolgaltatas\/#primaryimage"},"thumbnailUrl":"https:\/\/hnsecureit.com\/wp-content\/uploads\/2025\/07\/abstract-cybersecurity-concept-design-scaled.jpg","datePublished":"2025-07-03T14:25:40+00:00","dateModified":"2025-07-19T13:59:04+00:00","description":"Kiszervezett inform\u00e1ci\u00f3biztons\u00e1gi felel\u0151s (IBF) szolg\u00e1ltat\u00e1s: hat\u00e9kony megold\u00e1s a jogszab\u00e1lyi megfelel\u00e9shez. Tapasztalt szak\u00e9rt\u0151kkel.","breadcrumb":{"@id":"https:\/\/hnsecureit.com\/ibf-szolgaltatas\/#breadcrumb"},"inLanguage":"en-GB","potentialAction":[{"@type":"ReadAction","target":["https:\/\/hnsecureit.com\/ibf-szolgaltatas\/"]}]},{"@type":"ImageObject","inLanguage":"en-GB","@id":"https:\/\/hnsecureit.com\/ibf-szolgaltatas\/#primaryimage","url":"https:\/\/hnsecureit.com\/wp-content\/uploads\/2025\/07\/abstract-cybersecurity-concept-design-scaled.jpg","contentUrl":"https:\/\/hnsecureit.com\/wp-content\/uploads\/2025\/07\/abstract-cybersecurity-concept-design-scaled.jpg","width":2560,"height":1463},{"@type":"BreadcrumbList","@id":"https:\/\/hnsecureit.com\/ibf-szolgaltatas\/#breadcrumb","itemListElement":[{"@type":"ListItem","position":1,"name":"Kezd\u0151lap","item":"https:\/\/hnsecureit.com\/"},{"@type":"ListItem","position":2,"name":"IBF szolg\u00e1ltat\u00e1s"}]},{"@type":"WebSite","@id":"https:\/\/hnsecureit.com\/#website","url":"https:\/\/hnsecureit.com\/","name":"https:\/\/hnsecureit.com\/","description":"IT biztons\u00e1g \u00e9s tan\u00e1csad\u00e1s \u2013 HN Secure IT Kft.","publisher":{"@id":"https:\/\/hnsecureit.com\/#organization"},"alternateName":"hnsecureit","potentialAction":[{"@type":"SearchAction","target":{"@type":"EntryPoint","urlTemplate":"https:\/\/hnsecureit.com\/?s={search_term_string}"},"query-input":{"@type":"PropertyValueSpecification","valueRequired":true,"valueName":"search_term_string"}}],"inLanguage":"en-GB"},{"@type":"Organization","@id":"https:\/\/hnsecureit.com\/#organization","name":"hnsecureit","url":"https:\/\/hnsecureit.com\/","logo":{"@type":"ImageObject","inLanguage":"en-GB","@id":"https:\/\/hnsecureit.com\/#\/schema\/logo\/image\/","url":"https:\/\/hnsecureit.com\/wp-content\/uploads\/2025\/07\/HN-Secure-v5_1.svg","contentUrl":"https:\/\/hnsecureit.com\/wp-content\/uploads\/2025\/07\/HN-Secure-v5_1.svg","width":536,"height":608,"caption":"hnsecureit"},"image":{"@id":"https:\/\/hnsecureit.com\/#\/schema\/logo\/image\/"},"sameAs":["https:\/\/www.facebook.com\/profile.php?id=61577724195498","https:\/\/www.linkedin.com\/company\/hn-secure-it-kft\/"]}]}},"_links":{"self":[{"href":"https:\/\/hnsecureit.com\/en\/wp-json\/wp\/v2\/pages\/379","targetHints":{"allow":["GET"]}}],"collection":[{"href":"https:\/\/hnsecureit.com\/en\/wp-json\/wp\/v2\/pages"}],"about":[{"href":"https:\/\/hnsecureit.com\/en\/wp-json\/wp\/v2\/types\/page"}],"author":[{"embeddable":true,"href":"https:\/\/hnsecureit.com\/en\/wp-json\/wp\/v2\/users\/1"}],"replies":[{"embeddable":true,"href":"https:\/\/hnsecureit.com\/en\/wp-json\/wp\/v2\/comments?post=379"}],"version-history":[{"count":22,"href":"https:\/\/hnsecureit.com\/en\/wp-json\/wp\/v2\/pages\/379\/revisions"}],"predecessor-version":[{"id":814,"href":"https:\/\/hnsecureit.com\/en\/wp-json\/wp\/v2\/pages\/379\/revisions\/814"}],"wp:featuredmedia":[{"embeddable":true,"href":"https:\/\/hnsecureit.com\/en\/wp-json\/wp\/v2\/media\/330"}],"wp:attachment":[{"href":"https:\/\/hnsecureit.com\/en\/wp-json\/wp\/v2\/media?parent=379"}],"curies":[{"name":"wp","href":"https:\/\/api.w.org\/{rel}","templated":true}]}}