{"id":412,"date":"2025-07-03T17:24:35","date_gmt":"2025-07-03T17:24:35","guid":{"rendered":"https:\/\/hnsecureit.com\/?page_id=412"},"modified":"2025-07-18T08:32:38","modified_gmt":"2025-07-18T08:32:38","slug":"it-bizotonsag-tanacsok","status":"publish","type":"page","link":"https:\/\/hnsecureit.com\/en\/it-bizotonsag-tanacsok\/","title":{"rendered":"RRS2"},"content":{"rendered":"<div data-elementor-type=\"wp-page\" data-elementor-id=\"412\" class=\"elementor elementor-412\">\n\t\t\t\t<div class=\"elementor-element elementor-element-462232ae e-flex e-con-boxed e-con e-child\" data-id=\"462232ae\" data-element_type=\"container\" data-e-type=\"container\" data-settings=\"{&quot;background_background&quot;:&quot;classic&quot;}\">\n\t\t\t\t\t<div class=\"e-con-inner\">\n\t\t<div class=\"elementor-element elementor-element-4fd4247f e-con-full e-flex e-con e-child\" data-id=\"4fd4247f\" data-element_type=\"container\" data-e-type=\"container\">\n\t\t<div class=\"elementor-element elementor-element-32a943e8 e-flex e-con-boxed e-con e-child\" data-id=\"32a943e8\" data-element_type=\"container\" data-e-type=\"container\">\n\t\t\t\t\t<div class=\"e-con-inner\">\n\t\t\t\t<div class=\"elementor-element elementor-element-367d5a17 elementor-widget-divider--view-line_text elementor-widget-divider--element-align-right elementor-invisible elementor-widget elementor-widget-divider\" data-id=\"367d5a17\" data-element_type=\"widget\" data-e-type=\"widget\" data-settings=\"{&quot;_animation&quot;:&quot;fadeInUp&quot;}\" data-widget_type=\"divider.default\">\n\t\t\t\t<div class=\"elementor-widget-container\">\n\t\t\t\t\t\t\t<div class=\"elementor-divider\">\n\t\t\t<span class=\"elementor-divider-separator\">\n\t\t\t\t\t\t\t<h2 class=\"elementor-divider__text elementor-divider__element\">\n\t\t\t\tRRS1\t\t\t\t<\/h2>\n\t\t\t\t\t\t<\/span>\n\t\t<\/div>\n\t\t\t\t\t\t<\/div>\n\t\t\t\t<\/div>\n\t\t\t\t<div class=\"elementor-element elementor-element-73b72d94 elementor-invisible elementor-widget elementor-widget-elementskit-heading\" data-id=\"73b72d94\" data-element_type=\"widget\" data-e-type=\"widget\" data-settings=\"{&quot;_animation&quot;:&quot;fadeInUp&quot;,&quot;_animation_delay&quot;:200}\" data-widget_type=\"elementskit-heading.default\">\n\t\t\t\t<div class=\"elementor-widget-container\">\n\t\t\t\t\t<div class=\"ekit-wid-con\" ><div class=\"ekit-heading elementskit-section-title-wraper text_center   ekit_heading_tablet-   ekit_heading_mobile-\"><h1 class=\"ekit-heading--title elementskit-section-title text_fill\">IT biztons\u00e1g - <span><span>Tan\u00e1csok<\/span><\/span><\/h1><\/div><\/div>\t\t\t\t<\/div>\n\t\t\t\t<\/div>\n\t\t\t\t\t<\/div>\n\t\t\t\t<\/div>\n\t\t\t\t<\/div>\n\t\t\t\t\t<\/div>\n\t\t\t\t<\/div>\n\t\t<div class=\"elementor-element elementor-element-3768653b e-flex e-con-boxed e-con e-parent\" data-id=\"3768653b\" data-element_type=\"container\" data-e-type=\"container\">\n\t\t\t\t\t<div class=\"e-con-inner\">\n\t\t<div class=\"elementor-element elementor-element-6d85278a e-con-full e-flex e-con e-child\" data-id=\"6d85278a\" data-element_type=\"container\" data-e-type=\"container\">\n\t\t\t\t<div class=\"elementor-element elementor-element-99b9b10 elementor-widget elementor-widget-shortcode\" data-id=\"99b9b10\" data-element_type=\"widget\" data-e-type=\"widget\" data-widget_type=\"shortcode.default\">\n\t\t\t\t<div class=\"elementor-widget-container\">\n\t\t\t\t\t\t\t<div class=\"elementor-shortcode\"><div class=\"wp-rss-template-container\" data-wpra-template=\"default\" data-template-ctx=\"eyJmZWVkcyI6Im5raV90YW5hY3NvayJ9\">\n    <div class=\"wp-rss-aggregator wpra-list-template\" data-page=\"1\">\n    \n    \n<ul class=\"wpra-item-list rss-aggregator wpra-item-list--bullets wpra-item-list--default\"\n    start=\"1\">\n                        <li class=\"wpra-item feed-item\">\n            \n            \n\n    <a  href=\"https:\/\/nki.gov.hu\/it-biztonsag\/tanacsok\/keruljuk-el-a-csalasokat-az-adobevallasi-idoszakban-is\/\" target=\"_blank\" rel=\"nofollow\" class=\"\">Ker\u00fclj\u00fck el a csal\u00e1sokat az ad\u00f3bevall\u00e1si id\u0151szakban is!<\/a>\n\n\n\n\n\n\n<div class=\"wprss-feed-meta\">\n            <span class=\"feed-source\">\n            Source:\n\n                            nki_tanacsok\n                    <\/span>\n    \n            <span class=\"feed-date\">\n            Published on 2026-05-05\n        <\/span>\n    \n    <\/div>\n\n\n\n\n\n            \n        <\/li>\n                    <li class=\"wpra-item feed-item\">\n            \n            \n\n    <a  href=\"https:\/\/nki.gov.hu\/it-biztonsag\/tanacsok\/hogyan-vedekezhetunk-a-bongeszo-a-bongeszoben-tamadas-ellen\/\" target=\"_blank\" rel=\"nofollow\" class=\"\">Hogyan v\u00e9dekezhet\u00fcnk a b\u00f6ng\u00e9sz\u0151 a b\u00f6ng\u00e9sz\u0151ben t\u00e1mad\u00e1s ellen?<\/a>\n\n\n\n\n\n\n<div class=\"wprss-feed-meta\">\n            <span class=\"feed-source\">\n            Source:\n\n                            nki_tanacsok\n                    <\/span>\n    \n            <span class=\"feed-date\">\n            Published on 2026-04-15\n        <\/span>\n    \n    <\/div>\n\n\n\n\n\n            \n        <\/li>\n                    <li class=\"wpra-item feed-item\">\n            \n            \n\n    <a  href=\"https:\/\/nki.gov.hu\/it-biztonsag\/tanacsok\/mesterseges-intelligenciaval-tamogatott-allashirdeteses-csalasok-mutatjuk-mire-kell-figyelni\/\" target=\"_blank\" rel=\"nofollow\" class=\"\">Mesters\u00e9ges intelligenci\u00e1val t\u00e1mogatott \u00e1ll\u00e1shirdet\u00e9ses csal\u00e1sok \u2013 mutatjuk mire kell figyelni<\/a>\n\n\n\n\n\n\n<div class=\"wprss-feed-meta\">\n            <span class=\"feed-source\">\n            Source:\n\n                            nki_tanacsok\n                    <\/span>\n    \n            <span class=\"feed-date\">\n            Published on 2026-03-24\n        <\/span>\n    \n    <\/div>\n\n\n\n\n\n            \n        <\/li>\n                    <li class=\"wpra-item feed-item\">\n            \n            \n\n    <a  href=\"https:\/\/nki.gov.hu\/it-biztonsag\/tanacsok\/igy-teheto-biztonsagosabba-a-signal\/\" target=\"_blank\" rel=\"nofollow\" class=\"\">\u00cdgy tehet\u0151 biztons\u00e1gosabb\u00e1 a Signal<\/a>\n\n\n\n\n\n\n<div class=\"wprss-feed-meta\">\n            <span class=\"feed-source\">\n            Source:\n\n                            nki_tanacsok\n                    <\/span>\n    \n            <span class=\"feed-date\">\n            Published on 2026-03-06\n        <\/span>\n    \n    <\/div>\n\n\n\n\n\n            \n        <\/li>\n                    <li class=\"wpra-item feed-item\">\n            \n            \n\n    <a  href=\"http:\/\/localhost\/it-biztonsag\/tanacsok\/igy-teheto-biztonsagosabba-a-signal\/\" target=\"_blank\" rel=\"nofollow\" class=\"\">\u00cdgy tehet\u0151 biztons\u00e1gosabb\u00e1 a Signal<\/a>\n\n\n\n\n\n\n<div class=\"wprss-feed-meta\">\n            <span class=\"feed-source\">\n            Source:\n\n                            nki_tanacsok\n                    <\/span>\n    \n            <span class=\"feed-date\">\n            Published on 2026-03-06\n        <\/span>\n    \n    <\/div>\n\n\n\n\n\n            \n        <\/li>\n                    <li class=\"wpra-item feed-item\">\n            \n            \n\n    <a  href=\"https:\/\/nki.gov.hu\/it-biztonsag\/kiadvanyok\/segedletek\/igy-teheto-biztonsagosabba-a-signal\/\" target=\"_blank\" rel=\"nofollow\" class=\"\">\u00cdgy tehet\u0151 biztons\u00e1gosabb\u00e1 a Signal<\/a>\n\n\n\n\n\n\n<div class=\"wprss-feed-meta\">\n            <span class=\"feed-source\">\n            Source:\n\n                            nki_tanacsok\n                    <\/span>\n    \n            <span class=\"feed-date\">\n            Published on 2026-03-06\n        <\/span>\n    \n    <\/div>\n\n\n\n\n\n            \n        <\/li>\n                    <li class=\"wpra-item feed-item\">\n            \n            \n\n    <a  href=\"https:\/\/nki.gov.hu\/it-biztonsag\/tanacsok\/kozeleg-a-valentin-nap-es-ezt-az-online-csalok-is-tudjak\/\" target=\"_blank\" rel=\"nofollow\" class=\"\">K\u00f6zeleg a Valentin-nap \u00e9s ezt az online csal\u00f3k is tudj\u00e1k<\/a>\n\n\n\n\n\n\n<div class=\"wprss-feed-meta\">\n            <span class=\"feed-source\">\n            Source:\n\n                            nki_tanacsok\n                    <\/span>\n    \n            <span class=\"feed-date\">\n            Published on 2026-02-10\n        <\/span>\n    \n    <\/div>\n\n\n\n\n\n            \n        <\/li>\n                    <li class=\"wpra-item feed-item\">\n            \n            \n\n    <a  href=\"http:\/\/localhost\/it-biztonsag\/tanacsok\/kozeleg-a-valentin-nap-es-ezt-az-online-csalok-is-tudjak\/\" target=\"_blank\" rel=\"nofollow\" class=\"\">K\u00f6zeleg a Valentin-nap \u00e9s ezt az online csal\u00f3k is tudj\u00e1k<\/a>\n\n\n\n\n\n\n<div class=\"wprss-feed-meta\">\n            <span class=\"feed-source\">\n            Source:\n\n                            nki_tanacsok\n                    <\/span>\n    \n            <span class=\"feed-date\">\n            Published on 2026-02-10\n        <\/span>\n    \n    <\/div>\n\n\n\n\n\n            \n        <\/li>\n                    <li class=\"wpra-item feed-item\">\n            \n            \n\n    <a  href=\"https:\/\/nki.gov.hu\/it-biztonsag\/kiadvanyok\/segedletek\/kozeleg-a-valentin-nap-es-ezt-az-online-csalok-is-tudjak\/\" target=\"_blank\" rel=\"nofollow\" class=\"\">K\u00f6zeleg a Valentin-nap \u00e9s ezt az online csal\u00f3k is tudj\u00e1k<\/a>\n\n\n\n\n\n\n<div class=\"wprss-feed-meta\">\n            <span class=\"feed-source\">\n            Source:\n\n                            nki_tanacsok\n                    <\/span>\n    \n            <span class=\"feed-date\">\n            Published on 2026-02-10\n        <\/span>\n    \n    <\/div>\n\n\n\n\n\n            \n        <\/li>\n                    <li class=\"wpra-item feed-item\">\n            \n            \n\n    <a  href=\"http:\/\/localhost\/it-biztonsag\/tanacsok\/celkeresztben-az-uzenetkuldo-alkalmazasok-ovatosan-a-meghivokkal\/\" target=\"_blank\" rel=\"nofollow\" class=\"\">C\u00e9lkeresztben az \u00fczenetk\u00fcld\u0151 alkalmaz\u00e1sok \u2013 \u00f3vatosan a megh\u00edv\u00f3kkal!<\/a>\n\n\n\n\n\n\n<div class=\"wprss-feed-meta\">\n            <span class=\"feed-source\">\n            Source:\n\n                            nki_tanacsok\n                    <\/span>\n    \n            <span class=\"feed-date\">\n            Published on 2026-02-05\n        <\/span>\n    \n    <\/div>\n\n\n\n\n\n            \n        <\/li>\n                    <li class=\"wpra-item feed-item\">\n            \n            \n\n    <a  href=\"https:\/\/nki.gov.hu\/it-biztonsag\/kiadvanyok\/segedletek\/celkeresztben-az-uzenetkuldo-alkalmazasok-ovatosan-a-meghivokkal\/\" target=\"_blank\" rel=\"nofollow\" class=\"\">C\u00e9lkeresztben az \u00fczenetk\u00fcld\u0151 alkalmaz\u00e1sok \u2013 \u00f3vatosan a megh\u00edv\u00f3kkal!<\/a>\n\n\n\n\n\n\n<div class=\"wprss-feed-meta\">\n            <span class=\"feed-source\">\n            Source:\n\n                            nki_tanacsok\n                    <\/span>\n    \n            <span class=\"feed-date\">\n            Published on 2026-02-05\n        <\/span>\n    \n    <\/div>\n\n\n\n\n\n            \n        <\/li>\n                    <li class=\"wpra-item feed-item\">\n            \n            \n\n    <a  href=\"https:\/\/nki.gov.hu\/it-biztonsag\/tanacsok\/celkeresztben-az-uzenetkuldo-alkalmazasok-ovatosan-a-meghivokkal\/\" target=\"_blank\" rel=\"nofollow\" class=\"\">C\u00e9lkeresztben az \u00fczenetk\u00fcld\u0151 alkalmaz\u00e1sok \u2013 \u00f3vatosan a megh\u00edv\u00f3kkal!<\/a>\n\n\n\n\n\n\n<div class=\"wprss-feed-meta\">\n            <span class=\"feed-source\">\n            Source:\n\n                            nki_tanacsok\n                    <\/span>\n    \n            <span class=\"feed-date\">\n            Published on 2026-02-05\n        <\/span>\n    \n    <\/div>\n\n\n\n\n\n            \n        <\/li>\n                    <li class=\"wpra-item feed-item\">\n            \n            \n\n    <a  href=\"https:\/\/nki.gov.hu\/it-biztonsag\/tanacsok\/adatvedelmi-vilagnap-2026\/\" target=\"_blank\" rel=\"nofollow\" class=\"\">Adatv\u00e9delmi Vil\u00e1gnap \u2013 2026<\/a>\n\n\n\n\n\n\n<div class=\"wprss-feed-meta\">\n            <span class=\"feed-source\">\n            Source:\n\n                            nki_tanacsok\n                    <\/span>\n    \n            <span class=\"feed-date\">\n            Published on 2026-01-23\n        <\/span>\n    \n    <\/div>\n\n\n\n\n\n            \n        <\/li>\n                    <li class=\"wpra-item feed-item\">\n            \n            \n\n    <a  href=\"http:\/\/localhost\/it-biztonsag\/tanacsok\/adatvedelmi-vilagnap-2026\/\" target=\"_blank\" rel=\"nofollow\" class=\"\">Adatv\u00e9delmi Vil\u00e1gnap \u2013 2026<\/a>\n\n\n\n\n\n\n<div class=\"wprss-feed-meta\">\n            <span class=\"feed-source\">\n            Source:\n\n                            nki_tanacsok\n                    <\/span>\n    \n            <span class=\"feed-date\">\n            Published on 2026-01-23\n        <\/span>\n    \n    <\/div>\n\n\n\n\n\n            \n        <\/li>\n                    <li class=\"wpra-item feed-item\">\n            \n            \n\n    <a  href=\"https:\/\/nki.gov.hu\/it-biztonsag\/kiadvanyok\/segedletek\/adatvedelmi-vilagnap-2026\/\" target=\"_blank\" rel=\"nofollow\" class=\"\">Adatv\u00e9delmi Vil\u00e1gnap \u2013 2026<\/a>\n\n\n\n\n\n\n<div class=\"wprss-feed-meta\">\n            <span class=\"feed-source\">\n            Source:\n\n                            nki_tanacsok\n                    <\/span>\n    \n            <span class=\"feed-date\">\n            Published on 2026-01-23\n        <\/span>\n    \n    <\/div>\n\n\n\n\n\n            \n        <\/li>\n        <\/ul>\n\n        \n<\/div>\n\n<\/div>\n<\/div>\n\t\t\t\t\t\t<\/div>\n\t\t\t\t<\/div>\n\t\t\t\t<\/div>\n\t\t\t\t\t<\/div>\n\t\t\t\t<\/div>\n\t\t\t\t<\/div>","protected":false},"excerpt":{"rendered":"<p>RRS1 IT biztons\u00e1g &#8211; Tan\u00e1csok<\/p>","protected":false},"author":1,"featured_media":330,"parent":0,"menu_order":0,"comment_status":"closed","ping_status":"closed","template":"elementor_header_footer","meta":{"footnotes":""},"class_list":["post-412","page","type-page","status-publish","has-post-thumbnail","hentry"],"yoast_head":"<!-- This site is optimized with the Yoast SEO plugin v26.2 - https:\/\/yoast.com\/wordpress\/plugins\/seo\/ -->\n<title>RRS2 &#8211; IT Biztons\u00e1gi tan\u00e1csok<\/title>\n<meta name=\"description\" content=\"Friss IT biztons\u00e1gi h\u00edrek egy helyen \u2013 k\u00f6vesd a HNsecureit RSS feedj\u00e9t, \u00e9s \u00e9rtes\u00fclj els\u0151k\u00e9nt a leg\u00fajabb kiberbiztons\u00e1gi fenyeget\u00e9sekr\u0151l.\" \/>\n<meta name=\"robots\" content=\"index, follow, max-snippet:-1, max-image-preview:large, max-video-preview:-1\" \/>\n<link rel=\"canonical\" href=\"https:\/\/hnsecureit.com\/en\/it-bizotonsag-tanacsok\/\" \/>\n<meta property=\"og:locale\" content=\"en_GB\" \/>\n<meta property=\"og:type\" content=\"article\" \/>\n<meta property=\"og:title\" content=\"RRS2 &#8211; IT Biztons\u00e1gi tan\u00e1csok\" \/>\n<meta property=\"og:description\" content=\"Friss IT biztons\u00e1gi h\u00edrek egy helyen \u2013 k\u00f6vesd a HNsecureit RSS feedj\u00e9t, \u00e9s \u00e9rtes\u00fclj els\u0151k\u00e9nt a leg\u00fajabb kiberbiztons\u00e1gi fenyeget\u00e9sekr\u0151l.\" \/>\n<meta property=\"og:url\" content=\"https:\/\/hnsecureit.com\/en\/it-bizotonsag-tanacsok\/\" \/>\n<meta property=\"article:publisher\" content=\"https:\/\/www.facebook.com\/profile.php?id=61577724195498\" \/>\n<meta property=\"article:modified_time\" content=\"2025-07-18T08:32:38+00:00\" \/>\n<meta property=\"og:image\" content=\"https:\/\/hnsecureit.com\/wp-content\/uploads\/2025\/07\/abstract-cybersecurity-concept-design-scaled.jpg\" \/>\n\t<meta property=\"og:image:width\" content=\"2560\" \/>\n\t<meta property=\"og:image:height\" content=\"1463\" \/>\n\t<meta property=\"og:image:type\" content=\"image\/jpeg\" \/>\n<meta name=\"twitter:card\" content=\"summary_large_image\" \/>\n<meta name=\"twitter:label1\" content=\"Estimated reading time\" \/>\n\t<meta name=\"twitter:data1\" content=\"1 minute\" \/>\n<script type=\"application\/ld+json\" class=\"yoast-schema-graph\">{\"@context\":\"https:\/\/schema.org\",\"@graph\":[{\"@type\":\"WebPage\",\"@id\":\"https:\/\/hnsecureit.com\/it-bizotonsag-tanacsok\/\",\"url\":\"https:\/\/hnsecureit.com\/it-bizotonsag-tanacsok\/\",\"name\":\"RRS2 &#8211; IT Biztons\u00e1gi tan\u00e1csok\",\"isPartOf\":{\"@id\":\"https:\/\/hnsecureit.com\/#website\"},\"primaryImageOfPage\":{\"@id\":\"https:\/\/hnsecureit.com\/it-bizotonsag-tanacsok\/#primaryimage\"},\"image\":{\"@id\":\"https:\/\/hnsecureit.com\/it-bizotonsag-tanacsok\/#primaryimage\"},\"thumbnailUrl\":\"https:\/\/hnsecureit.com\/wp-content\/uploads\/2025\/07\/abstract-cybersecurity-concept-design-scaled.jpg\",\"datePublished\":\"2025-07-03T17:24:35+00:00\",\"dateModified\":\"2025-07-18T08:32:38+00:00\",\"description\":\"Friss IT biztons\u00e1gi h\u00edrek egy helyen \u2013 k\u00f6vesd a HNsecureit RSS feedj\u00e9t, \u00e9s \u00e9rtes\u00fclj els\u0151k\u00e9nt a leg\u00fajabb kiberbiztons\u00e1gi fenyeget\u00e9sekr\u0151l.\",\"breadcrumb\":{\"@id\":\"https:\/\/hnsecureit.com\/it-bizotonsag-tanacsok\/#breadcrumb\"},\"inLanguage\":\"en-GB\",\"potentialAction\":[{\"@type\":\"ReadAction\",\"target\":[\"https:\/\/hnsecureit.com\/it-bizotonsag-tanacsok\/\"]}]},{\"@type\":\"ImageObject\",\"inLanguage\":\"en-GB\",\"@id\":\"https:\/\/hnsecureit.com\/it-bizotonsag-tanacsok\/#primaryimage\",\"url\":\"https:\/\/hnsecureit.com\/wp-content\/uploads\/2025\/07\/abstract-cybersecurity-concept-design-scaled.jpg\",\"contentUrl\":\"https:\/\/hnsecureit.com\/wp-content\/uploads\/2025\/07\/abstract-cybersecurity-concept-design-scaled.jpg\",\"width\":2560,\"height\":1463},{\"@type\":\"BreadcrumbList\",\"@id\":\"https:\/\/hnsecureit.com\/it-bizotonsag-tanacsok\/#breadcrumb\",\"itemListElement\":[{\"@type\":\"ListItem\",\"position\":1,\"name\":\"Kezd\u0151lap\",\"item\":\"https:\/\/hnsecureit.com\/\"},{\"@type\":\"ListItem\",\"position\":2,\"name\":\"RRS2\"}]},{\"@type\":\"WebSite\",\"@id\":\"https:\/\/hnsecureit.com\/#website\",\"url\":\"https:\/\/hnsecureit.com\/\",\"name\":\"https:\/\/hnsecureit.com\/\",\"description\":\"IT biztons\u00e1g \u00e9s tan\u00e1csad\u00e1s \u2013 HN Secure IT Kft.\",\"publisher\":{\"@id\":\"https:\/\/hnsecureit.com\/#organization\"},\"alternateName\":\"hnsecureit\",\"potentialAction\":[{\"@type\":\"SearchAction\",\"target\":{\"@type\":\"EntryPoint\",\"urlTemplate\":\"https:\/\/hnsecureit.com\/?s={search_term_string}\"},\"query-input\":{\"@type\":\"PropertyValueSpecification\",\"valueRequired\":true,\"valueName\":\"search_term_string\"}}],\"inLanguage\":\"en-GB\"},{\"@type\":\"Organization\",\"@id\":\"https:\/\/hnsecureit.com\/#organization\",\"name\":\"hnsecureit\",\"url\":\"https:\/\/hnsecureit.com\/\",\"logo\":{\"@type\":\"ImageObject\",\"inLanguage\":\"en-GB\",\"@id\":\"https:\/\/hnsecureit.com\/#\/schema\/logo\/image\/\",\"url\":\"https:\/\/hnsecureit.com\/wp-content\/uploads\/2025\/07\/HN-Secure-v5_1.svg\",\"contentUrl\":\"https:\/\/hnsecureit.com\/wp-content\/uploads\/2025\/07\/HN-Secure-v5_1.svg\",\"width\":536,\"height\":608,\"caption\":\"hnsecureit\"},\"image\":{\"@id\":\"https:\/\/hnsecureit.com\/#\/schema\/logo\/image\/\"},\"sameAs\":[\"https:\/\/www.facebook.com\/profile.php?id=61577724195498\",\"https:\/\/www.linkedin.com\/company\/hn-secure-it-kft\/\"]}]}<\/script>\n<!-- \/ Yoast SEO plugin. -->","yoast_head_json":{"title":"RRS2 &#8211; IT Biztons\u00e1gi tan\u00e1csok","description":"Friss IT biztons\u00e1gi h\u00edrek egy helyen \u2013 k\u00f6vesd a HNsecureit RSS feedj\u00e9t, \u00e9s \u00e9rtes\u00fclj els\u0151k\u00e9nt a leg\u00fajabb kiberbiztons\u00e1gi fenyeget\u00e9sekr\u0151l.","robots":{"index":"index","follow":"follow","max-snippet":"max-snippet:-1","max-image-preview":"max-image-preview:large","max-video-preview":"max-video-preview:-1"},"canonical":"https:\/\/hnsecureit.com\/en\/it-bizotonsag-tanacsok\/","og_locale":"en_GB","og_type":"article","og_title":"RRS2 &#8211; IT Biztons\u00e1gi tan\u00e1csok","og_description":"Friss IT biztons\u00e1gi h\u00edrek egy helyen \u2013 k\u00f6vesd a HNsecureit RSS feedj\u00e9t, \u00e9s \u00e9rtes\u00fclj els\u0151k\u00e9nt a leg\u00fajabb kiberbiztons\u00e1gi fenyeget\u00e9sekr\u0151l.","og_url":"https:\/\/hnsecureit.com\/en\/it-bizotonsag-tanacsok\/","article_publisher":"https:\/\/www.facebook.com\/profile.php?id=61577724195498","article_modified_time":"2025-07-18T08:32:38+00:00","og_image":[{"width":2560,"height":1463,"url":"https:\/\/hnsecureit.com\/wp-content\/uploads\/2025\/07\/abstract-cybersecurity-concept-design-scaled.jpg","type":"image\/jpeg"}],"twitter_card":"summary_large_image","twitter_misc":{"Estimated reading time":"1 minute"},"schema":{"@context":"https:\/\/schema.org","@graph":[{"@type":"WebPage","@id":"https:\/\/hnsecureit.com\/it-bizotonsag-tanacsok\/","url":"https:\/\/hnsecureit.com\/it-bizotonsag-tanacsok\/","name":"RRS2 &#8211; IT Biztons\u00e1gi tan\u00e1csok","isPartOf":{"@id":"https:\/\/hnsecureit.com\/#website"},"primaryImageOfPage":{"@id":"https:\/\/hnsecureit.com\/it-bizotonsag-tanacsok\/#primaryimage"},"image":{"@id":"https:\/\/hnsecureit.com\/it-bizotonsag-tanacsok\/#primaryimage"},"thumbnailUrl":"https:\/\/hnsecureit.com\/wp-content\/uploads\/2025\/07\/abstract-cybersecurity-concept-design-scaled.jpg","datePublished":"2025-07-03T17:24:35+00:00","dateModified":"2025-07-18T08:32:38+00:00","description":"Friss IT biztons\u00e1gi h\u00edrek egy helyen \u2013 k\u00f6vesd a HNsecureit RSS feedj\u00e9t, \u00e9s \u00e9rtes\u00fclj els\u0151k\u00e9nt a leg\u00fajabb kiberbiztons\u00e1gi fenyeget\u00e9sekr\u0151l.","breadcrumb":{"@id":"https:\/\/hnsecureit.com\/it-bizotonsag-tanacsok\/#breadcrumb"},"inLanguage":"en-GB","potentialAction":[{"@type":"ReadAction","target":["https:\/\/hnsecureit.com\/it-bizotonsag-tanacsok\/"]}]},{"@type":"ImageObject","inLanguage":"en-GB","@id":"https:\/\/hnsecureit.com\/it-bizotonsag-tanacsok\/#primaryimage","url":"https:\/\/hnsecureit.com\/wp-content\/uploads\/2025\/07\/abstract-cybersecurity-concept-design-scaled.jpg","contentUrl":"https:\/\/hnsecureit.com\/wp-content\/uploads\/2025\/07\/abstract-cybersecurity-concept-design-scaled.jpg","width":2560,"height":1463},{"@type":"BreadcrumbList","@id":"https:\/\/hnsecureit.com\/it-bizotonsag-tanacsok\/#breadcrumb","itemListElement":[{"@type":"ListItem","position":1,"name":"Kezd\u0151lap","item":"https:\/\/hnsecureit.com\/"},{"@type":"ListItem","position":2,"name":"RRS2"}]},{"@type":"WebSite","@id":"https:\/\/hnsecureit.com\/#website","url":"https:\/\/hnsecureit.com\/","name":"https:\/\/hnsecureit.com\/","description":"IT biztons\u00e1g \u00e9s tan\u00e1csad\u00e1s \u2013 HN Secure IT Kft.","publisher":{"@id":"https:\/\/hnsecureit.com\/#organization"},"alternateName":"hnsecureit","potentialAction":[{"@type":"SearchAction","target":{"@type":"EntryPoint","urlTemplate":"https:\/\/hnsecureit.com\/?s={search_term_string}"},"query-input":{"@type":"PropertyValueSpecification","valueRequired":true,"valueName":"search_term_string"}}],"inLanguage":"en-GB"},{"@type":"Organization","@id":"https:\/\/hnsecureit.com\/#organization","name":"hnsecureit","url":"https:\/\/hnsecureit.com\/","logo":{"@type":"ImageObject","inLanguage":"en-GB","@id":"https:\/\/hnsecureit.com\/#\/schema\/logo\/image\/","url":"https:\/\/hnsecureit.com\/wp-content\/uploads\/2025\/07\/HN-Secure-v5_1.svg","contentUrl":"https:\/\/hnsecureit.com\/wp-content\/uploads\/2025\/07\/HN-Secure-v5_1.svg","width":536,"height":608,"caption":"hnsecureit"},"image":{"@id":"https:\/\/hnsecureit.com\/#\/schema\/logo\/image\/"},"sameAs":["https:\/\/www.facebook.com\/profile.php?id=61577724195498","https:\/\/www.linkedin.com\/company\/hn-secure-it-kft\/"]}]}},"_links":{"self":[{"href":"https:\/\/hnsecureit.com\/en\/wp-json\/wp\/v2\/pages\/412","targetHints":{"allow":["GET"]}}],"collection":[{"href":"https:\/\/hnsecureit.com\/en\/wp-json\/wp\/v2\/pages"}],"about":[{"href":"https:\/\/hnsecureit.com\/en\/wp-json\/wp\/v2\/types\/page"}],"author":[{"embeddable":true,"href":"https:\/\/hnsecureit.com\/en\/wp-json\/wp\/v2\/users\/1"}],"replies":[{"embeddable":true,"href":"https:\/\/hnsecureit.com\/en\/wp-json\/wp\/v2\/comments?post=412"}],"version-history":[{"count":13,"href":"https:\/\/hnsecureit.com\/en\/wp-json\/wp\/v2\/pages\/412\/revisions"}],"predecessor-version":[{"id":899,"href":"https:\/\/hnsecureit.com\/en\/wp-json\/wp\/v2\/pages\/412\/revisions\/899"}],"wp:featuredmedia":[{"embeddable":true,"href":"https:\/\/hnsecureit.com\/en\/wp-json\/wp\/v2\/media\/330"}],"wp:attachment":[{"href":"https:\/\/hnsecureit.com\/en\/wp-json\/wp\/v2\/media?parent=412"}],"curies":[{"name":"wp","href":"https:\/\/api.w.org\/{rel}","templated":true}]}}