{"id":413,"date":"2025-07-03T17:24:38","date_gmt":"2025-07-03T17:24:38","guid":{"rendered":"https:\/\/hnsecureit.com\/?page_id=413"},"modified":"2025-07-18T08:32:45","modified_gmt":"2025-07-18T08:32:45","slug":"it-biztonsag-serulekenysegek","status":"publish","type":"page","link":"https:\/\/hnsecureit.com\/en\/it-biztonsag-serulekenysegek\/","title":{"rendered":"RRS3"},"content":{"rendered":"<div data-elementor-type=\"wp-page\" data-elementor-id=\"413\" class=\"elementor elementor-413\">\n\t\t\t\t<div class=\"elementor-element elementor-element-462232ae e-flex e-con-boxed e-con e-child\" data-id=\"462232ae\" data-element_type=\"container\" data-e-type=\"container\" data-settings=\"{&quot;background_background&quot;:&quot;classic&quot;}\">\n\t\t\t\t\t<div class=\"e-con-inner\">\n\t\t<div class=\"elementor-element elementor-element-4fd4247f e-con-full e-flex e-con e-child\" data-id=\"4fd4247f\" data-element_type=\"container\" data-e-type=\"container\">\n\t\t<div class=\"elementor-element elementor-element-32a943e8 e-flex e-con-boxed e-con e-child\" data-id=\"32a943e8\" data-element_type=\"container\" data-e-type=\"container\">\n\t\t\t\t\t<div class=\"e-con-inner\">\n\t\t\t\t<div class=\"elementor-element elementor-element-367d5a17 elementor-widget-divider--view-line_text elementor-widget-divider--element-align-right elementor-invisible elementor-widget elementor-widget-divider\" data-id=\"367d5a17\" data-element_type=\"widget\" data-e-type=\"widget\" data-settings=\"{&quot;_animation&quot;:&quot;fadeInUp&quot;}\" data-widget_type=\"divider.default\">\n\t\t\t\t<div class=\"elementor-widget-container\">\n\t\t\t\t\t\t\t<div class=\"elementor-divider\">\n\t\t\t<span class=\"elementor-divider-separator\">\n\t\t\t\t\t\t\t<h2 class=\"elementor-divider__text elementor-divider__element\">\n\t\t\t\tRRS1\t\t\t\t<\/h2>\n\t\t\t\t\t\t<\/span>\n\t\t<\/div>\n\t\t\t\t\t\t<\/div>\n\t\t\t\t<\/div>\n\t\t\t\t<div class=\"elementor-element elementor-element-73b72d94 elementor-invisible elementor-widget elementor-widget-elementskit-heading\" data-id=\"73b72d94\" data-element_type=\"widget\" data-e-type=\"widget\" data-settings=\"{&quot;_animation&quot;:&quot;fadeInUp&quot;,&quot;_animation_delay&quot;:200}\" data-widget_type=\"elementskit-heading.default\">\n\t\t\t\t<div class=\"elementor-widget-container\">\n\t\t\t\t\t<div class=\"ekit-wid-con\" ><div class=\"ekit-heading elementskit-section-title-wraper text_center   ekit_heading_tablet-   ekit_heading_mobile-\"><h1 class=\"ekit-heading--title elementskit-section-title text_fill\">IT Biztons\u00e1g - <span><span>Vulnerabilities<\/span><\/span><\/h1><\/div><\/div>\t\t\t\t<\/div>\n\t\t\t\t<\/div>\n\t\t\t\t\t<\/div>\n\t\t\t\t<\/div>\n\t\t\t\t<\/div>\n\t\t\t\t\t<\/div>\n\t\t\t\t<\/div>\n\t\t<div class=\"elementor-element elementor-element-3768653b e-flex e-con-boxed e-con e-parent\" data-id=\"3768653b\" data-element_type=\"container\" data-e-type=\"container\">\n\t\t\t\t\t<div class=\"e-con-inner\">\n\t\t<div class=\"elementor-element elementor-element-6d85278a e-con-full e-flex e-con e-child\" data-id=\"6d85278a\" data-element_type=\"container\" data-e-type=\"container\">\n\t\t\t\t<div class=\"elementor-element elementor-element-99b9b10 elementor-widget elementor-widget-shortcode\" data-id=\"99b9b10\" data-element_type=\"widget\" data-e-type=\"widget\" data-widget_type=\"shortcode.default\">\n\t\t\t\t<div class=\"elementor-widget-container\">\n\t\t\t\t\t\t\t<div class=\"elementor-shortcode\"><div class=\"wp-rss-template-container\" data-wpra-template=\"default\" data-template-ctx=\"eyJmZWVkcyI6Im5raV9zZXJ1bGVrZW55c2VnIn0=\">\n    <div class=\"wp-rss-aggregator wpra-list-template\" data-page=\"1\">\n    \n    \n<ul class=\"wpra-item-list rss-aggregator wpra-item-list--bullets wpra-item-list--default\"\n    start=\"1\">\n                        <li class=\"wpra-item feed-item\">\n            \n            \n\n    <a  href=\"https:\/\/nki.gov.hu\/figyelmeztetesek\/cve-serulekenysegek\/cve-2026-20188\/\" target=\"_blank\" rel=\"nofollow\" class=\"\">CVE-2026-20188 -<\/a>\n\n\n\n\n\n\n<div class=\"wprss-feed-meta\">\n            <span class=\"feed-source\">\n            Source:\n\n                            nki_serulekenyseg\n                    <\/span>\n    \n            <span class=\"feed-date\">\n            Published on 2026-05-08\n        <\/span>\n    \n    <\/div>\n\n\n\n\n\n            \n        <\/li>\n                    <li class=\"wpra-item feed-item\">\n            \n            \n\n    <a  href=\"https:\/\/nki.gov.hu\/figyelmeztetesek\/cve-serulekenysegek\/cve-2026-6973\/\" target=\"_blank\" rel=\"nofollow\" class=\"\">CVE-2026-6973 -<\/a>\n\n\n\n\n\n\n<div class=\"wprss-feed-meta\">\n            <span class=\"feed-source\">\n            Source:\n\n                            nki_serulekenyseg\n                    <\/span>\n    \n            <span class=\"feed-date\">\n            Published on 2026-05-08\n        <\/span>\n    \n    <\/div>\n\n\n\n\n\n            \n        <\/li>\n                    <li class=\"wpra-item feed-item\">\n            \n            \n\n    <a  href=\"https:\/\/nki.gov.hu\/figyelmeztetesek\/cve-serulekenysegek\/cve-2026-0073\/\" target=\"_blank\" rel=\"nofollow\" class=\"\">CVE-2026-0073 -<\/a>\n\n\n\n\n\n\n<div class=\"wprss-feed-meta\">\n            <span class=\"feed-source\">\n            Source:\n\n                            nki_serulekenyseg\n                    <\/span>\n    \n            <span class=\"feed-date\">\n            Published on 2026-05-07\n        <\/span>\n    \n    <\/div>\n\n\n\n\n\n            \n        <\/li>\n                    <li class=\"wpra-item feed-item\">\n            \n            \n\n    <a  href=\"https:\/\/nki.gov.hu\/figyelmeztetesek\/cve-serulekenysegek\/cve-2026-33827\/\" target=\"_blank\" rel=\"nofollow\" class=\"\">CVE-2026-33827 -<\/a>\n\n\n\n\n\n\n<div class=\"wprss-feed-meta\">\n            <span class=\"feed-source\">\n            Source:\n\n                            nki_serulekenyseg\n                    <\/span>\n    \n            <span class=\"feed-date\">\n            Published on 2026-05-07\n        <\/span>\n    \n    <\/div>\n\n\n\n\n\n            \n        <\/li>\n                    <li class=\"wpra-item feed-item\">\n            \n            \n\n    <a  href=\"https:\/\/nki.gov.hu\/figyelmeztetesek\/cve-serulekenysegek\/cve-2026-6770\/\" target=\"_blank\" rel=\"nofollow\" class=\"\">CVE-2026-6770 -<\/a>\n\n\n\n\n\n\n<div class=\"wprss-feed-meta\">\n            <span class=\"feed-source\">\n            Source:\n\n                            nki_serulekenyseg\n                    <\/span>\n    \n            <span class=\"feed-date\">\n            Published on 2026-05-07\n        <\/span>\n    \n    <\/div>\n\n\n\n\n\n            \n        <\/li>\n                    <li class=\"wpra-item feed-item\">\n            \n            \n\n    <a  href=\"https:\/\/nki.gov.hu\/figyelmeztetesek\/cve-serulekenysegek\/cve-2026-6525\/\" target=\"_blank\" rel=\"nofollow\" class=\"\">CVE-2026-6525 -<\/a>\n\n\n\n\n\n\n<div class=\"wprss-feed-meta\">\n            <span class=\"feed-source\">\n            Source:\n\n                            nki_serulekenyseg\n                    <\/span>\n    \n            <span class=\"feed-date\">\n            Published on 2026-05-07\n        <\/span>\n    \n    <\/div>\n\n\n\n\n\n            \n        <\/li>\n                    <li class=\"wpra-item feed-item\">\n            \n            \n\n    <a  href=\"https:\/\/nki.gov.hu\/figyelmeztetesek\/cve-serulekenysegek\/cve-2026-7853\/\" target=\"_blank\" rel=\"nofollow\" class=\"\">CVE-2026-7853 -<\/a>\n\n\n\n\n\n\n<div class=\"wprss-feed-meta\">\n            <span class=\"feed-source\">\n            Source:\n\n                            nki_serulekenyseg\n                    <\/span>\n    \n            <span class=\"feed-date\">\n            Published on 2026-05-06\n        <\/span>\n    \n    <\/div>\n\n\n\n\n\n            \n        <\/li>\n                    <li class=\"wpra-item feed-item\">\n            \n            \n\n    <a  href=\"https:\/\/nki.gov.hu\/figyelmeztetesek\/cve-serulekenysegek\/cve-2026-0300\/\" target=\"_blank\" rel=\"nofollow\" class=\"\">CVE-2026-0300 -<\/a>\n\n\n\n\n\n\n<div class=\"wprss-feed-meta\">\n            <span class=\"feed-source\">\n            Source:\n\n                            nki_serulekenyseg\n                    <\/span>\n    \n            <span class=\"feed-date\">\n            Published on 2026-05-06\n        <\/span>\n    \n    <\/div>\n\n\n\n\n\n            \n        <\/li>\n                    <li class=\"wpra-item feed-item\">\n            \n            \n\n    <a  href=\"https:\/\/nki.gov.hu\/figyelmeztetesek\/cve-serulekenysegek\/cve-2026-23918\/\" target=\"_blank\" rel=\"nofollow\" class=\"\">CVE-2026-23918 -<\/a>\n\n\n\n\n\n\n<div class=\"wprss-feed-meta\">\n            <span class=\"feed-source\">\n            Source:\n\n                            nki_serulekenyseg\n                    <\/span>\n    \n            <span class=\"feed-date\">\n            Published on 2026-05-05\n        <\/span>\n    \n    <\/div>\n\n\n\n\n\n            \n        <\/li>\n                    <li class=\"wpra-item feed-item\">\n            \n            \n\n    <a  href=\"https:\/\/nki.gov.hu\/figyelmeztetesek\/cve-serulekenysegek\/cve-2026-41940\/\" target=\"_blank\" rel=\"nofollow\" class=\"\">CVE-2026-41940 -<\/a>\n\n\n\n\n\n\n<div class=\"wprss-feed-meta\">\n            <span class=\"feed-source\">\n            Source:\n\n                            nki_serulekenyseg\n                    <\/span>\n    \n            <span class=\"feed-date\">\n            Published on 2026-05-04\n        <\/span>\n    \n    <\/div>\n\n\n\n\n\n            \n        <\/li>\n                    <li class=\"wpra-item feed-item\">\n            \n            \n\n    <a  href=\"https:\/\/nki.gov.hu\/figyelmeztetesek\/cve-serulekenysegek\/cve-2026-32202\/\" target=\"_blank\" rel=\"nofollow\" class=\"\">CVE-2026-32202 -<\/a>\n\n\n\n\n\n\n<div class=\"wprss-feed-meta\">\n            <span class=\"feed-source\">\n            Source:\n\n                            nki_serulekenyseg\n                    <\/span>\n    \n            <span class=\"feed-date\">\n            Published on 2026-04-30\n        <\/span>\n    \n    <\/div>\n\n\n\n\n\n            \n        <\/li>\n                    <li class=\"wpra-item feed-item\">\n            \n            \n\n    <a  href=\"https:\/\/nki.gov.hu\/figyelmeztetesek\/cve-serulekenysegek\/cve-2026-31431\/\" target=\"_blank\" rel=\"nofollow\" class=\"\">CVE-2026-31431 -<\/a>\n\n\n\n\n\n\n<div class=\"wprss-feed-meta\">\n            <span class=\"feed-source\">\n            Source:\n\n                            nki_serulekenyseg\n                    <\/span>\n    \n            <span class=\"feed-date\">\n            Published on 2026-04-30\n        <\/span>\n    \n    <\/div>\n\n\n\n\n\n            \n        <\/li>\n                    <li class=\"wpra-item feed-item\">\n            \n            \n\n    <a  href=\"https:\/\/nki.gov.hu\/figyelmeztetesek\/cve-serulekenysegek\/cve-2026-5760\/\" target=\"_blank\" rel=\"nofollow\" class=\"\">CVE-2026-5760 - SGLang s\u00e9r\u00fcl\u00e9kenys\u00e9g<\/a>\n\n\n\n\n\n\n<div class=\"wprss-feed-meta\">\n            <span class=\"feed-source\">\n            Source:\n\n                            nki_serulekenyseg\n                    <\/span>\n    \n            <span class=\"feed-date\">\n            Published on 2026-04-28\n        <\/span>\n    \n    <\/div>\n\n\n\n\n\n            \n        <\/li>\n                    <li class=\"wpra-item feed-item\">\n            \n            \n\n    <a  href=\"https:\/\/nki.gov.hu\/figyelmeztetesek\/cve-serulekenysegek\/cve-2024-3721\/\" target=\"_blank\" rel=\"nofollow\" class=\"\">CVE-2024-3721 - TBK command injection s\u00e9r\u00fcl\u00e9kenys\u00e9g<\/a>\n\n\n\n\n\n\n<div class=\"wprss-feed-meta\">\n            <span class=\"feed-source\">\n            Source:\n\n                            nki_serulekenyseg\n                    <\/span>\n    \n            <span class=\"feed-date\">\n            Published on 2026-04-28\n        <\/span>\n    \n    <\/div>\n\n\n\n\n\n            \n        <\/li>\n                    <li class=\"wpra-item feed-item\">\n            \n            \n\n    <a  href=\"https:\/\/nki.gov.hu\/figyelmeztetesek\/cve-serulekenysegek\/cve-2026-32173\/\" target=\"_blank\" rel=\"nofollow\" class=\"\">CVE-2026-32173 - Microsoft Azure SRE Agent Information Disclosure Vulnerability<\/a>\n\n\n\n\n\n\n<div class=\"wprss-feed-meta\">\n            <span class=\"feed-source\">\n            Source:\n\n                            nki_serulekenyseg\n                    <\/span>\n    \n            <span class=\"feed-date\">\n            Published on 2026-04-28\n        <\/span>\n    \n    <\/div>\n\n\n\n\n\n            \n        <\/li>\n        <\/ul>\n\n        \n<\/div>\n\n<\/div>\n<\/div>\n\t\t\t\t\t\t<\/div>\n\t\t\t\t<\/div>\n\t\t\t\t<\/div>\n\t\t\t\t\t<\/div>\n\t\t\t\t<\/div>\n\t\t\t\t<\/div>","protected":false},"excerpt":{"rendered":"<p>RRS1 IT Biztons\u00e1g &#8211; S\u00e9r\u00fcl\u00e9kenys\u00e9gek<\/p>","protected":false},"author":1,"featured_media":330,"parent":0,"menu_order":0,"comment_status":"closed","ping_status":"closed","template":"elementor_header_footer","meta":{"footnotes":""},"class_list":["post-413","page","type-page","status-publish","has-post-thumbnail","hentry"],"yoast_head":"<!-- This site is optimized with the Yoast SEO plugin v26.2 - https:\/\/yoast.com\/wordpress\/plugins\/seo\/ -->\n<title>RRS3 &#8211; IT Biztons\u00e1g s\u00e9r\u00fcl\u00e9kenys\u00e9gek<\/title>\n<meta name=\"description\" content=\"K\u00f6vesd a HNsecureit RSS feedj\u00e9t az IT-biztons\u00e1g legfrissebb h\u00edrei\u00e9rt \u2013 s\u00e9r\u00fcl\u00e9kenys\u00e9gek, exploitok, friss\u00edt\u00e9sek.\" \/>\n<meta name=\"robots\" content=\"index, follow, max-snippet:-1, max-image-preview:large, max-video-preview:-1\" \/>\n<link rel=\"canonical\" href=\"https:\/\/hnsecureit.com\/en\/it-biztonsag-serulekenysegek\/\" \/>\n<meta property=\"og:locale\" content=\"en_GB\" \/>\n<meta property=\"og:type\" content=\"article\" \/>\n<meta property=\"og:title\" content=\"RRS3 &#8211; IT Biztons\u00e1g s\u00e9r\u00fcl\u00e9kenys\u00e9gek\" \/>\n<meta property=\"og:description\" content=\"K\u00f6vesd a HNsecureit RSS feedj\u00e9t az IT-biztons\u00e1g legfrissebb h\u00edrei\u00e9rt \u2013 s\u00e9r\u00fcl\u00e9kenys\u00e9gek, exploitok, friss\u00edt\u00e9sek.\" \/>\n<meta property=\"og:url\" content=\"https:\/\/hnsecureit.com\/en\/it-biztonsag-serulekenysegek\/\" \/>\n<meta property=\"article:publisher\" content=\"https:\/\/www.facebook.com\/profile.php?id=61577724195498\" \/>\n<meta property=\"article:modified_time\" content=\"2025-07-18T08:32:45+00:00\" \/>\n<meta property=\"og:image\" content=\"https:\/\/hnsecureit.com\/wp-content\/uploads\/2025\/07\/abstract-cybersecurity-concept-design-scaled.jpg\" \/>\n\t<meta property=\"og:image:width\" content=\"2560\" \/>\n\t<meta property=\"og:image:height\" content=\"1463\" \/>\n\t<meta property=\"og:image:type\" content=\"image\/jpeg\" \/>\n<meta name=\"twitter:card\" content=\"summary_large_image\" \/>\n<meta name=\"twitter:label1\" content=\"Estimated reading time\" \/>\n\t<meta name=\"twitter:data1\" content=\"1 minute\" \/>\n<script type=\"application\/ld+json\" class=\"yoast-schema-graph\">{\"@context\":\"https:\/\/schema.org\",\"@graph\":[{\"@type\":\"WebPage\",\"@id\":\"https:\/\/hnsecureit.com\/it-biztonsag-serulekenysegek\/\",\"url\":\"https:\/\/hnsecureit.com\/it-biztonsag-serulekenysegek\/\",\"name\":\"RRS3 &#8211; IT Biztons\u00e1g s\u00e9r\u00fcl\u00e9kenys\u00e9gek\",\"isPartOf\":{\"@id\":\"https:\/\/hnsecureit.com\/#website\"},\"primaryImageOfPage\":{\"@id\":\"https:\/\/hnsecureit.com\/it-biztonsag-serulekenysegek\/#primaryimage\"},\"image\":{\"@id\":\"https:\/\/hnsecureit.com\/it-biztonsag-serulekenysegek\/#primaryimage\"},\"thumbnailUrl\":\"https:\/\/hnsecureit.com\/wp-content\/uploads\/2025\/07\/abstract-cybersecurity-concept-design-scaled.jpg\",\"datePublished\":\"2025-07-03T17:24:38+00:00\",\"dateModified\":\"2025-07-18T08:32:45+00:00\",\"description\":\"K\u00f6vesd a HNsecureit RSS feedj\u00e9t az IT-biztons\u00e1g legfrissebb h\u00edrei\u00e9rt \u2013 s\u00e9r\u00fcl\u00e9kenys\u00e9gek, exploitok, friss\u00edt\u00e9sek.\",\"breadcrumb\":{\"@id\":\"https:\/\/hnsecureit.com\/it-biztonsag-serulekenysegek\/#breadcrumb\"},\"inLanguage\":\"en-GB\",\"potentialAction\":[{\"@type\":\"ReadAction\",\"target\":[\"https:\/\/hnsecureit.com\/it-biztonsag-serulekenysegek\/\"]}]},{\"@type\":\"ImageObject\",\"inLanguage\":\"en-GB\",\"@id\":\"https:\/\/hnsecureit.com\/it-biztonsag-serulekenysegek\/#primaryimage\",\"url\":\"https:\/\/hnsecureit.com\/wp-content\/uploads\/2025\/07\/abstract-cybersecurity-concept-design-scaled.jpg\",\"contentUrl\":\"https:\/\/hnsecureit.com\/wp-content\/uploads\/2025\/07\/abstract-cybersecurity-concept-design-scaled.jpg\",\"width\":2560,\"height\":1463},{\"@type\":\"BreadcrumbList\",\"@id\":\"https:\/\/hnsecureit.com\/it-biztonsag-serulekenysegek\/#breadcrumb\",\"itemListElement\":[{\"@type\":\"ListItem\",\"position\":1,\"name\":\"Kezd\u0151lap\",\"item\":\"https:\/\/hnsecureit.com\/\"},{\"@type\":\"ListItem\",\"position\":2,\"name\":\"RRS3\"}]},{\"@type\":\"WebSite\",\"@id\":\"https:\/\/hnsecureit.com\/#website\",\"url\":\"https:\/\/hnsecureit.com\/\",\"name\":\"https:\/\/hnsecureit.com\/\",\"description\":\"IT biztons\u00e1g \u00e9s tan\u00e1csad\u00e1s \u2013 HN Secure IT Kft.\",\"publisher\":{\"@id\":\"https:\/\/hnsecureit.com\/#organization\"},\"alternateName\":\"hnsecureit\",\"potentialAction\":[{\"@type\":\"SearchAction\",\"target\":{\"@type\":\"EntryPoint\",\"urlTemplate\":\"https:\/\/hnsecureit.com\/?s={search_term_string}\"},\"query-input\":{\"@type\":\"PropertyValueSpecification\",\"valueRequired\":true,\"valueName\":\"search_term_string\"}}],\"inLanguage\":\"en-GB\"},{\"@type\":\"Organization\",\"@id\":\"https:\/\/hnsecureit.com\/#organization\",\"name\":\"hnsecureit\",\"url\":\"https:\/\/hnsecureit.com\/\",\"logo\":{\"@type\":\"ImageObject\",\"inLanguage\":\"en-GB\",\"@id\":\"https:\/\/hnsecureit.com\/#\/schema\/logo\/image\/\",\"url\":\"https:\/\/hnsecureit.com\/wp-content\/uploads\/2025\/07\/HN-Secure-v5_1.svg\",\"contentUrl\":\"https:\/\/hnsecureit.com\/wp-content\/uploads\/2025\/07\/HN-Secure-v5_1.svg\",\"width\":536,\"height\":608,\"caption\":\"hnsecureit\"},\"image\":{\"@id\":\"https:\/\/hnsecureit.com\/#\/schema\/logo\/image\/\"},\"sameAs\":[\"https:\/\/www.facebook.com\/profile.php?id=61577724195498\",\"https:\/\/www.linkedin.com\/company\/hn-secure-it-kft\/\"]}]}<\/script>\n<!-- \/ Yoast SEO plugin. -->","yoast_head_json":{"title":"RRS3 &#8211; IT Biztons\u00e1g s\u00e9r\u00fcl\u00e9kenys\u00e9gek","description":"K\u00f6vesd a HNsecureit RSS feedj\u00e9t az IT-biztons\u00e1g legfrissebb h\u00edrei\u00e9rt \u2013 s\u00e9r\u00fcl\u00e9kenys\u00e9gek, exploitok, friss\u00edt\u00e9sek.","robots":{"index":"index","follow":"follow","max-snippet":"max-snippet:-1","max-image-preview":"max-image-preview:large","max-video-preview":"max-video-preview:-1"},"canonical":"https:\/\/hnsecureit.com\/en\/it-biztonsag-serulekenysegek\/","og_locale":"en_GB","og_type":"article","og_title":"RRS3 &#8211; IT Biztons\u00e1g s\u00e9r\u00fcl\u00e9kenys\u00e9gek","og_description":"K\u00f6vesd a HNsecureit RSS feedj\u00e9t az IT-biztons\u00e1g legfrissebb h\u00edrei\u00e9rt \u2013 s\u00e9r\u00fcl\u00e9kenys\u00e9gek, exploitok, friss\u00edt\u00e9sek.","og_url":"https:\/\/hnsecureit.com\/en\/it-biztonsag-serulekenysegek\/","article_publisher":"https:\/\/www.facebook.com\/profile.php?id=61577724195498","article_modified_time":"2025-07-18T08:32:45+00:00","og_image":[{"width":2560,"height":1463,"url":"https:\/\/hnsecureit.com\/wp-content\/uploads\/2025\/07\/abstract-cybersecurity-concept-design-scaled.jpg","type":"image\/jpeg"}],"twitter_card":"summary_large_image","twitter_misc":{"Estimated reading time":"1 minute"},"schema":{"@context":"https:\/\/schema.org","@graph":[{"@type":"WebPage","@id":"https:\/\/hnsecureit.com\/it-biztonsag-serulekenysegek\/","url":"https:\/\/hnsecureit.com\/it-biztonsag-serulekenysegek\/","name":"RRS3 &#8211; IT Biztons\u00e1g s\u00e9r\u00fcl\u00e9kenys\u00e9gek","isPartOf":{"@id":"https:\/\/hnsecureit.com\/#website"},"primaryImageOfPage":{"@id":"https:\/\/hnsecureit.com\/it-biztonsag-serulekenysegek\/#primaryimage"},"image":{"@id":"https:\/\/hnsecureit.com\/it-biztonsag-serulekenysegek\/#primaryimage"},"thumbnailUrl":"https:\/\/hnsecureit.com\/wp-content\/uploads\/2025\/07\/abstract-cybersecurity-concept-design-scaled.jpg","datePublished":"2025-07-03T17:24:38+00:00","dateModified":"2025-07-18T08:32:45+00:00","description":"K\u00f6vesd a HNsecureit RSS feedj\u00e9t az IT-biztons\u00e1g legfrissebb h\u00edrei\u00e9rt \u2013 s\u00e9r\u00fcl\u00e9kenys\u00e9gek, exploitok, friss\u00edt\u00e9sek.","breadcrumb":{"@id":"https:\/\/hnsecureit.com\/it-biztonsag-serulekenysegek\/#breadcrumb"},"inLanguage":"en-GB","potentialAction":[{"@type":"ReadAction","target":["https:\/\/hnsecureit.com\/it-biztonsag-serulekenysegek\/"]}]},{"@type":"ImageObject","inLanguage":"en-GB","@id":"https:\/\/hnsecureit.com\/it-biztonsag-serulekenysegek\/#primaryimage","url":"https:\/\/hnsecureit.com\/wp-content\/uploads\/2025\/07\/abstract-cybersecurity-concept-design-scaled.jpg","contentUrl":"https:\/\/hnsecureit.com\/wp-content\/uploads\/2025\/07\/abstract-cybersecurity-concept-design-scaled.jpg","width":2560,"height":1463},{"@type":"BreadcrumbList","@id":"https:\/\/hnsecureit.com\/it-biztonsag-serulekenysegek\/#breadcrumb","itemListElement":[{"@type":"ListItem","position":1,"name":"Kezd\u0151lap","item":"https:\/\/hnsecureit.com\/"},{"@type":"ListItem","position":2,"name":"RRS3"}]},{"@type":"WebSite","@id":"https:\/\/hnsecureit.com\/#website","url":"https:\/\/hnsecureit.com\/","name":"https:\/\/hnsecureit.com\/","description":"IT biztons\u00e1g \u00e9s tan\u00e1csad\u00e1s \u2013 HN Secure IT Kft.","publisher":{"@id":"https:\/\/hnsecureit.com\/#organization"},"alternateName":"hnsecureit","potentialAction":[{"@type":"SearchAction","target":{"@type":"EntryPoint","urlTemplate":"https:\/\/hnsecureit.com\/?s={search_term_string}"},"query-input":{"@type":"PropertyValueSpecification","valueRequired":true,"valueName":"search_term_string"}}],"inLanguage":"en-GB"},{"@type":"Organization","@id":"https:\/\/hnsecureit.com\/#organization","name":"hnsecureit","url":"https:\/\/hnsecureit.com\/","logo":{"@type":"ImageObject","inLanguage":"en-GB","@id":"https:\/\/hnsecureit.com\/#\/schema\/logo\/image\/","url":"https:\/\/hnsecureit.com\/wp-content\/uploads\/2025\/07\/HN-Secure-v5_1.svg","contentUrl":"https:\/\/hnsecureit.com\/wp-content\/uploads\/2025\/07\/HN-Secure-v5_1.svg","width":536,"height":608,"caption":"hnsecureit"},"image":{"@id":"https:\/\/hnsecureit.com\/#\/schema\/logo\/image\/"},"sameAs":["https:\/\/www.facebook.com\/profile.php?id=61577724195498","https:\/\/www.linkedin.com\/company\/hn-secure-it-kft\/"]}]}},"_links":{"self":[{"href":"https:\/\/hnsecureit.com\/en\/wp-json\/wp\/v2\/pages\/413","targetHints":{"allow":["GET"]}}],"collection":[{"href":"https:\/\/hnsecureit.com\/en\/wp-json\/wp\/v2\/pages"}],"about":[{"href":"https:\/\/hnsecureit.com\/en\/wp-json\/wp\/v2\/types\/page"}],"author":[{"embeddable":true,"href":"https:\/\/hnsecureit.com\/en\/wp-json\/wp\/v2\/users\/1"}],"replies":[{"embeddable":true,"href":"https:\/\/hnsecureit.com\/en\/wp-json\/wp\/v2\/comments?post=413"}],"version-history":[{"count":13,"href":"https:\/\/hnsecureit.com\/en\/wp-json\/wp\/v2\/pages\/413\/revisions"}],"predecessor-version":[{"id":896,"href":"https:\/\/hnsecureit.com\/en\/wp-json\/wp\/v2\/pages\/413\/revisions\/896"}],"wp:featuredmedia":[{"embeddable":true,"href":"https:\/\/hnsecureit.com\/en\/wp-json\/wp\/v2\/media\/330"}],"wp:attachment":[{"href":"https:\/\/hnsecureit.com\/en\/wp-json\/wp\/v2\/media?parent=413"}],"curies":[{"name":"wp","href":"https:\/\/api.w.org\/{rel}","templated":true}]}}